
{"id":971,"date":"2020-05-28T22:30:19","date_gmt":"2020-05-28T22:30:19","guid":{"rendered":"https:\/\/banketi.eu\/?page_id=971"},"modified":"2023-09-04T13:12:12","modified_gmt":"2023-09-04T10:12:12","slug":"piegade","status":"publish","type":"page","link":"https:\/\/banketi.eu\/ru\/piegade\/","title":{"rendered":"\u041a\u0430\u0440\u0442\u0430 \u0434\u043e\u0441\u0442\u0430\u0432\u043a\u0438"},"content":{"rendered":"<div data-elementor-type=\"wp-page\" data-elementor-id=\"971\" class=\"elementor elementor-971\">\n\t\t\t\t\t\t\t\t\t<section class=\"elementor-section elementor-top-section elementor-element elementor-element-29ab635a elementor-section-content-middle elementor-section-boxed elementor-section-height-default elementor-section-height-default\" data-id=\"29ab635a\" data-element_type=\"section\" data-settings=\"{&quot;background_background&quot;:&quot;classic&quot;}\">\n\t\t\t\t\t\t<div class=\"elementor-container elementor-column-gap-default\">\n\t\t\t\t\t<div class=\"elementor-column elementor-col-100 elementor-top-column elementor-element elementor-element-1c8de21c\" data-id=\"1c8de21c\" data-element_type=\"column\">\n\t\t\t<div class=\"elementor-widget-wrap elementor-element-populated\">\n\t\t\t\t\t\t\t\t<div class=\"elementor-element elementor-element-145a1da9 elementor-widget elementor-widget-heading\" data-id=\"145a1da9\" data-element_type=\"widget\" data-widget_type=\"heading.default\">\n\t\t\t\t<div class=\"elementor-widget-container\">\n\t\t\t<h2 class=\"elementor-heading-title elementor-size-default\">Pieg\u0101des nosac\u012bjumi<\/h2>\t\t<\/div>\n\t\t\t\t<\/div>\n\t\t\t\t\t<\/div>\n\t\t<\/div>\n\t\t\t\t\t\t\t<\/div>\n\t\t<\/section>\n\t\t\t\t<section class=\"elementor-section elementor-top-section elementor-element elementor-element-1964576 elementor-section-boxed elementor-section-height-default elementor-section-height-default\" data-id=\"1964576\" data-element_type=\"section\">\n\t\t\t\t\t\t<div class=\"elementor-container elementor-column-gap-default\">\n\t\t\t\t\t<div class=\"elementor-column elementor-col-100 elementor-top-column elementor-element elementor-element-f7612cf\" data-id=\"f7612cf\" data-element_type=\"column\">\n\t\t\t<div class=\"elementor-widget-wrap elementor-element-populated\">\n\t\t\t\t\t\t\t\t<div class=\"elementor-element elementor-element-1ba449e elementor-widget elementor-widget-Table\" data-id=\"1ba449e\" data-element_type=\"widget\" data-widget_type=\"Table.default\">\n\t\t\t\t<div class=\"elementor-widget-container\">\n\t\t\t\t\t<table class=\"tafe-table\">\n\t\t\t<thead  class=\"tafe-table-header\">\n\t\t\t\t<tr>\n\t\t\t\t\t<th class=\"elementor-inline-editing elementor-repeater-item-6c42b90\"   >Pieg\u0101des zona<\/th><th class=\"elementor-inline-editing elementor-repeater-item-be71339\"   >Minim\u0101lais pas\u016bt\u012bjums:<\/th><th class=\"elementor-inline-editing elementor-repeater-item-117fbe6\"   >Pieg\u0101des maksa nesasniedzot minim\u0101lo pas\u016bt\u012bjumu: 30\u20ac<\/th>\t\t\t\t<\/tr>\n\t\t\t<\/thead>\n\t\t\t<tbody class=\"tafe-table-body\">\n\t\t\t\t<tr>\n\t\t\t\t\t<td   class=\"elementor-repeater-item-c4c33e2\" >Sarkan\u0101 zona<\/td><td   class=\"elementor-repeater-item-38245ed\" ><b>30\u20ac<\/b><\/td><td   class=\"elementor-repeater-item-176b294\" ><b>10\u20ac<\/b><\/td><\/tr><tr><td   class=\"elementor-repeater-item-a39f47b\" >Zil\u0101 zona<\/td><td   class=\"elementor-repeater-item-8c3ea5a\" ><b>50\u20ac<\/b><\/td><td   class=\"elementor-repeater-item-de44748\" ><b>15\u20ac<\/b><\/td><\/tr><tr><td   class=\"elementor-repeater-item-e2ae394\" >Za\u013c\u0101 zona<\/td><td   class=\"elementor-repeater-item-855c47f\" ><b>75\u20ac<\/b><\/td><td   class=\"elementor-repeater-item-c83aa7c\" ><b>20\u20ac<\/b><\/td><\/tr><tr><td   class=\"elementor-repeater-item-9e6edf1\" >Violet\u0101 zona<\/td><td   class=\"elementor-repeater-item-6595ba8\" ><b>120\u20ac<\/b><\/td><td   class=\"elementor-repeater-item-ac6198a\" ><b>25\u20ac<\/b><\/td>\t\t\t\t<\/tr>\n\t\t\t<\/tbody>\n\t\t<\/table>\n\t\t\n\t\t\t\t<\/div>\n\t\t\t\t<\/div>\n\t\t\t\t\t<\/div>\n\t\t<\/div>\n\t\t\t\t\t\t\t<\/div>\n\t\t<\/section>\n\t\t\t\t<section class=\"elementor-section elementor-top-section elementor-element elementor-element-33e8aaa elementor-section-boxed elementor-section-height-default elementor-section-height-default\" data-id=\"33e8aaa\" data-element_type=\"section\">\n\t\t\t\t\t\t<div class=\"elementor-container elementor-column-gap-default\">\n\t\t\t\t\t<div class=\"elementor-column elementor-col-100 elementor-top-column elementor-element elementor-element-90db933\" data-id=\"90db933\" data-element_type=\"column\">\n\t\t\t<div class=\"elementor-widget-wrap elementor-element-populated\">\n\t\t\t\t\t\t\t\t<div class=\"elementor-element elementor-element-67ce518 elementor-widget elementor-widget-html\" data-id=\"67ce518\" data-element_type=\"widget\" data-widget_type=\"html.default\">\n\t\t\t\t<div class=\"elementor-widget-container\">\n\t\t\t<iframe loading=\"lazy\" src=\"https:\/\/www.google.com\/maps\/d\/u\/0\/embed?mid=1OCEhPj0LiA6w1yghZzaX58GPSKoaRRup\" width=\"640\" height=\"480\"><\/iframe>\t\t<\/div>\n\t\t\t\t<\/div>\n\t\t\t\t\t<\/div>\n\t\t<\/div>\n\t\t\t\t\t\t\t<\/div>\n\t\t<\/section>\n\t\t\t\t<section class=\"elementor-section elementor-top-section elementor-element elementor-element-e47d758 elementor-section-content-top elementor-section-boxed elementor-section-height-default elementor-section-height-default\" data-id=\"e47d758\" data-element_type=\"section\" data-settings=\"{&quot;background_background&quot;:&quot;classic&quot;}\">\n\t\t\t\t\t\t<div class=\"elementor-container elementor-column-gap-default\">\n\t\t\t\t\t<div class=\"elementor-column elementor-col-33 elementor-top-column elementor-element elementor-element-ec4b0e9\" data-id=\"ec4b0e9\" data-element_type=\"column\">\n\t\t\t<div class=\"elementor-widget-wrap elementor-element-populated\">\n\t\t\t\t\t\t\t\t<div class=\"elementor-element elementor-element-f74bee5 elementor-widget elementor-widget-heading\" data-id=\"f74bee5\" data-element_type=\"widget\" data-widget_type=\"heading.default\">\n\t\t\t\t<div class=\"elementor-widget-container\">\n\t\t\t<h5 class=\"elementor-heading-title elementor-size-default\">\u0415-\u041c\u0410\u0413\u0410\u0417\u0418\u041d<\/h5>\t\t<\/div>\n\t\t\t\t<\/div>\n\t\t\t\t\t<\/div>\n\t\t<\/div>\n\t\t\t\t<div class=\"elementor-column elementor-col-33 elementor-top-column elementor-element elementor-element-e318d4d\" data-id=\"e318d4d\" data-element_type=\"column\">\n\t\t\t<div class=\"elementor-widget-wrap elementor-element-populated\">\n\t\t\t\t\t\t\t\t<div class=\"elementor-element elementor-element-116dde2 elementor-widget elementor-widget-heading\" data-id=\"116dde2\" data-element_type=\"widget\" data-widget_type=\"heading.default\">\n\t\t\t\t<div class=\"elementor-widget-container\">\n\t\t\t<h2 class=\"elementor-heading-title elementor-size-default\">\u0412\u044b\u0431\u0440\u0430\u0442\u044c<\/h2>\t\t<\/div>\n\t\t\t\t<\/div>\n\t\t\t\t<div class=\"elementor-element elementor-element-1c3e639 elementor-mobile-align-center elementor-icon-list--layout-traditional elementor-list-item-link-full_width elementor-widget elementor-widget-icon-list\" data-id=\"1c3e639\" data-element_type=\"widget\" data-widget_type=\"icon-list.default\">\n\t\t\t\t<div class=\"elementor-widget-container\">\n\t\t\t\t\t<ul class=\"elementor-icon-list-items\">\n\t\t\t\t\t\t\t<li class=\"elementor-icon-list-item\">\n\t\t\t\t\t\t\t\t\t\t\t<a href=\"https:\/\/banketi.eu\/ru\/\">\n\n\t\t\t\t\t\t\t\t\t\t\t<span class=\"elementor-icon-list-text\">\u041e \u043d\u0430\u0441<\/span>\n\t\t\t\t\t\t\t\t\t\t\t<\/a>\n\t\t\t\t\t\t\t\t\t<\/li>\n\t\t\t\t\t\t\t\t<li class=\"elementor-icon-list-item\">\n\t\t\t\t\t\t\t\t\t\t\t<a href=\"https:\/\/banketi.eu\/ru\/internetveikals\/\">\n\n\t\t\t\t\t\t\t\t\t\t\t<span class=\"elementor-icon-list-text\">\u0415-\u043c\u0430\u0433\u0430\u0437\u0438\u043d<\/span>\n\t\t\t\t\t\t\t\t\t\t\t<\/a>\n\t\t\t\t\t\t\t\t\t<\/li>\n\t\t\t\t\t\t\t\t<li class=\"elementor-icon-list-item\">\n\t\t\t\t\t\t\t\t\t\t\t<a href=\"https:\/\/banketi.eu\/ru\/piegade\/\">\n\n\t\t\t\t\t\t\t\t\t\t\t<span class=\"elementor-icon-list-text\">\u041a\u0430\u0440\u0442\u0430 \u0434\u043e\u0441\u0442\u0430\u0432\u043a\u0438<\/span>\n\t\t\t\t\t\t\t\t\t\t\t<\/a>\n\t\t\t\t\t\t\t\t\t<\/li>\n\t\t\t\t\t\t\t\t<li class=\"elementor-icon-list-item\">\n\t\t\t\t\t\t\t\t\t\t\t<a href=\"https:\/\/banketi.eu\/ru\/privatuma-politika\/\">\n\n\t\t\t\t\t\t\t\t\t\t\t<span class=\"elementor-icon-list-text\">\u041f\u043e\u043b\u0438\u0442\u0438\u043a\u0430 \u043a\u043e\u043d\u0444\u0438\u0434\u0435\u043d\u0446\u0438\u0430\u043b\u044c\u043d\u043e\u0441\u0442\u0438<\/span>\n\t\t\t\t\t\t\t\t\t\t\t<\/a>\n\t\t\t\t\t\t\t\t\t<\/li>\n\t\t\t\t\t\t\t\t<li class=\"elementor-icon-list-item\">\n\t\t\t\t\t\t\t\t\t\t\t<a href=\"https:\/\/banketi.eu\/ru\/noteikumi\/\">\n\n\t\t\t\t\t\t\t\t\t\t\t<span class=\"elementor-icon-list-text\">\u0423\u0441\u043b\u043e\u0432\u0438\u044f<\/span>\n\t\t\t\t\t\t\t\t\t\t\t<\/a>\n\t\t\t\t\t\t\t\t\t<\/li>\n\t\t\t\t\t\t<\/ul>\n\t\t\t\t<\/div>\n\t\t\t\t<\/div>\n\t\t\t\t\t<\/div>\n\t\t<\/div>\n\t\t\t\t<div class=\"elementor-column elementor-col-33 elementor-top-column elementor-element elementor-element-b82bb19\" data-id=\"b82bb19\" data-element_type=\"column\">\n\t\t\t<div class=\"elementor-widget-wrap elementor-element-populated\">\n\t\t\t\t\t\t\t\t<div class=\"elementor-element elementor-element-d9ffb66 elementor-widget elementor-widget-text-editor\" data-id=\"d9ffb66\" data-element_type=\"widget\" data-widget_type=\"text-editor.default\">\n\t\t\t\t<div class=\"elementor-widget-container\">\n\t\t\t\t\t\t\t\t\t\t\t\t\t<\/div>\n\t\t\t\t<\/div>\n\t\t\t\t\t<\/div>\n\t\t<\/div>\n\t\t\t\t\t\t\t<\/div>\n\t\t<\/section>\n\t\t\t\t\t\t\t<\/div>","protected":false},"excerpt":{"rendered":"<p>Pieg\u0101des nosac\u012bjumi Pieg\u0101des zona Minim\u0101lais pas\u016bt\u012bjums: Pieg\u0101des maksa nesasniedzot minim\u0101lo pas\u016bt\u012bjumu: 30\u20ac Sarkan\u0101 zona 30\u20ac 10\u20ac Zil\u0101 zona 50\u20ac 15\u20ac Za\u013c\u0101 zona 75\u20ac 20\u20ac Violet\u0101 zona 120\u20ac 25\u20ac bbq e-veikals Izv\u0113lne Par Mums Internetveikals Pieg\u0101des karte Priv\u0101tuma politika Noteikumi<\/p>","protected":false},"author":1,"featured_media":0,"parent":0,"menu_order":0,"comment_status":"closed","ping_status":"closed","template":"elementor_header_footer","meta":{"neve_meta_sidebar":"","neve_meta_container":"","neve_meta_enable_content_width":"","neve_meta_content_width":0,"neve_meta_title_alignment":"","neve_meta_author_avatar":"","neve_post_elements_order":"","neve_meta_disable_header":"","neve_meta_disable_footer":"","neve_meta_disable_title":"","footnotes":""},"class_list":["post-971","page","type-page","status-publish","hentry"],"yoast_head":"<!-- This site is optimized with the Yoast SEO Premium plugin v16.7 (Yoast SEO v20.13) - https:\/\/yoast.com\/wordpress\/plugins\/seo\/ -->\n<title>Pieg\u0101des karte &bull; BBQ VEIKALS<\/title>\n<meta name=\"robots\" content=\"index, follow, max-snippet:-1, max-image-preview:large, max-video-preview:-1\" \/>\n<link rel=\"canonical\" href=\"https:\/\/banketi.eu\/ru\/piegade\/\" \/>\n<meta property=\"og:locale\" content=\"ru_RU\" \/>\n<meta property=\"og:type\" content=\"article\" \/>\n<meta property=\"og:title\" content=\"Pieg\u0101des karte\" \/>\n<meta property=\"og:description\" content=\"Pieg\u0101des nosac\u012bjumi Pieg\u0101des zona Minim\u0101lais pas\u016bt\u012bjums: Pieg\u0101des maksa nesasniedzot minim\u0101lo pas\u016bt\u012bjumu: 30\u20ac Sarkan\u0101 zona 30\u20ac 10\u20ac Zil\u0101 zona 50\u20ac 15\u20ac Za\u013c\u0101 zona 75\u20ac 20\u20ac Violet\u0101 zona 120\u20ac 25\u20ac bbq e-veikals Izv\u0113lne Par Mums Internetveikals Pieg\u0101des karte Priv\u0101tuma politika Noteikumi\" \/>\n<meta property=\"og:url\" content=\"https:\/\/banketi.eu\/ru\/piegade\/\" \/>\n<meta property=\"og:site_name\" content=\"BBQ VEIKALS\" \/>\n<meta property=\"article:publisher\" content=\"https:\/\/www.facebook.com\/restorans\" \/>\n<meta property=\"article:modified_time\" content=\"2023-09-04T10:12:12+00:00\" \/>\n<meta property=\"og:image\" content=\"https:\/\/banketi.eu\/wp-content\/uploads\/2021\/02\/7f7712572469219421e78921d8528b5a.jpg\" \/>\n\t<meta property=\"og:image:width\" content=\"460\" \/>\n\t<meta property=\"og:image:height\" content=\"672\" \/>\n\t<meta property=\"og:image:type\" content=\"image\/jpeg\" \/>\n<meta name=\"twitter:card\" content=\"summary_large_image\" \/>\n<meta name=\"twitter:label1\" content=\"\u041f\u0440\u0438\u043c\u0435\u0440\u043d\u043e\u0435 \u0432\u0440\u0435\u043c\u044f \u0434\u043b\u044f \u0447\u0442\u0435\u043d\u0438\u044f\" \/>\n\t<meta name=\"twitter:data1\" content=\"1 \u043c\u0438\u043d\u0443\u0442\u0430\" \/>\n<script type=\"application\/ld+json\" class=\"yoast-schema-graph\">{\"@context\":\"https:\/\/schema.org\",\"@graph\":[{\"@type\":\"WebPage\",\"@id\":\"https:\/\/banketi.eu\/piegade\/\",\"url\":\"https:\/\/banketi.eu\/piegade\/\",\"name\":\"Pieg\u0101des karte &bull; BBQ VEIKALS\",\"isPartOf\":{\"@id\":\"https:\/\/banketi.eu\/#website\"},\"datePublished\":\"2020-05-28T22:30:19+00:00\",\"dateModified\":\"2023-09-04T10:12:12+00:00\",\"breadcrumb\":{\"@id\":\"https:\/\/banketi.eu\/piegade\/#breadcrumb\"},\"inLanguage\":\"ru-RU\",\"potentialAction\":[{\"@type\":\"ReadAction\",\"target\":[\"https:\/\/banketi.eu\/piegade\/\"]}]},{\"@type\":\"BreadcrumbList\",\"@id\":\"https:\/\/banketi.eu\/piegade\/#breadcrumb\",\"itemListElement\":[{\"@type\":\"ListItem\",\"position\":1,\"name\":\"Home\",\"item\":\"https:\/\/banketi.eu\/\"},{\"@type\":\"ListItem\",\"position\":2,\"name\":\"Pieg\u0101des karte\"}]},{\"@type\":\"WebSite\",\"@id\":\"https:\/\/banketi.eu\/#website\",\"url\":\"https:\/\/banketi.eu\/\",\"name\":\"BBQ VEIKALS\",\"description\":\"\",\"publisher\":{\"@id\":\"https:\/\/banketi.eu\/#organization\"},\"potentialAction\":[{\"@type\":\"SearchAction\",\"target\":{\"@type\":\"EntryPoint\",\"urlTemplate\":\"https:\/\/banketi.eu\/?s={search_term_string}\"},\"query-input\":\"required name=search_term_string\"}],\"inLanguage\":\"ru-RU\"},{\"@type\":\"Organization\",\"@id\":\"https:\/\/banketi.eu\/#organization\",\"name\":\"Restor\u0101ns \u010carlstons\",\"url\":\"https:\/\/banketi.eu\/\",\"logo\":{\"@type\":\"ImageObject\",\"inLanguage\":\"ru-RU\",\"@id\":\"https:\/\/banketi.eu\/#\/schema\/logo\/image\/\",\"url\":\"https:\/\/banketi.eu\/wp-content\/uploads\/2020\/10\/111.png\",\"contentUrl\":\"https:\/\/banketi.eu\/wp-content\/uploads\/2020\/10\/111.png\",\"width\":100,\"height\":100,\"caption\":\"Restor\u0101ns \u010carlstons\"},\"image\":{\"@id\":\"https:\/\/banketi.eu\/#\/schema\/logo\/image\/\"},\"sameAs\":[\"https:\/\/www.facebook.com\/restorans\",\"https:\/\/www.instagram.com\/restoranscarlstons\"]}]}<\/script>\n<!-- \/ Yoast SEO Premium plugin. -->","yoast_head_json":{"title":"Pieg\u0101des karte &bull; BBQ VEIKALS","robots":{"index":"index","follow":"follow","max-snippet":"max-snippet:-1","max-image-preview":"max-image-preview:large","max-video-preview":"max-video-preview:-1"},"canonical":"https:\/\/banketi.eu\/ru\/piegade\/","og_locale":"ru_RU","og_type":"article","og_title":"Pieg\u0101des karte","og_description":"Pieg\u0101des nosac\u012bjumi Pieg\u0101des zona Minim\u0101lais pas\u016bt\u012bjums: Pieg\u0101des maksa nesasniedzot minim\u0101lo pas\u016bt\u012bjumu: 30\u20ac Sarkan\u0101 zona 30\u20ac 10\u20ac Zil\u0101 zona 50\u20ac 15\u20ac Za\u013c\u0101 zona 75\u20ac 20\u20ac Violet\u0101 zona 120\u20ac 25\u20ac bbq e-veikals Izv\u0113lne Par Mums Internetveikals Pieg\u0101des karte Priv\u0101tuma politika Noteikumi","og_url":"https:\/\/banketi.eu\/ru\/piegade\/","og_site_name":"BBQ VEIKALS","article_publisher":"https:\/\/www.facebook.com\/restorans","article_modified_time":"2023-09-04T10:12:12+00:00","og_image":[{"width":460,"height":672,"url":"https:\/\/banketi.eu\/wp-content\/uploads\/2021\/02\/7f7712572469219421e78921d8528b5a.jpg","type":"image\/jpeg"}],"twitter_card":"summary_large_image","twitter_misc":{"\u041f\u0440\u0438\u043c\u0435\u0440\u043d\u043e\u0435 \u0432\u0440\u0435\u043c\u044f \u0434\u043b\u044f \u0447\u0442\u0435\u043d\u0438\u044f":"1 \u043c\u0438\u043d\u0443\u0442\u0430"},"schema":{"@context":"https:\/\/schema.org","@graph":[{"@type":"WebPage","@id":"https:\/\/banketi.eu\/piegade\/","url":"https:\/\/banketi.eu\/piegade\/","name":"Pieg\u0101des karte &bull; BBQ VEIKALS","isPartOf":{"@id":"https:\/\/banketi.eu\/#website"},"datePublished":"2020-05-28T22:30:19+00:00","dateModified":"2023-09-04T10:12:12+00:00","breadcrumb":{"@id":"https:\/\/banketi.eu\/piegade\/#breadcrumb"},"inLanguage":"ru-RU","potentialAction":[{"@type":"ReadAction","target":["https:\/\/banketi.eu\/piegade\/"]}]},{"@type":"BreadcrumbList","@id":"https:\/\/banketi.eu\/piegade\/#breadcrumb","itemListElement":[{"@type":"ListItem","position":1,"name":"Home","item":"https:\/\/banketi.eu\/"},{"@type":"ListItem","position":2,"name":"Pieg\u0101des karte"}]},{"@type":"WebSite","@id":"https:\/\/banketi.eu\/#website","url":"https:\/\/banketi.eu\/","name":"BBQ VEIKALS","description":"","publisher":{"@id":"https:\/\/banketi.eu\/#organization"},"potentialAction":[{"@type":"SearchAction","target":{"@type":"EntryPoint","urlTemplate":"https:\/\/banketi.eu\/?s={search_term_string}"},"query-input":"required name=search_term_string"}],"inLanguage":"ru-RU"},{"@type":"Organization","@id":"https:\/\/banketi.eu\/#organization","name":"Restor\u0101ns \u010carlstons","url":"https:\/\/banketi.eu\/","logo":{"@type":"ImageObject","inLanguage":"ru-RU","@id":"https:\/\/banketi.eu\/#\/schema\/logo\/image\/","url":"https:\/\/banketi.eu\/wp-content\/uploads\/2020\/10\/111.png","contentUrl":"https:\/\/banketi.eu\/wp-content\/uploads\/2020\/10\/111.png","width":100,"height":100,"caption":"Restor\u0101ns \u010carlstons"},"image":{"@id":"https:\/\/banketi.eu\/#\/schema\/logo\/image\/"},"sameAs":["https:\/\/www.facebook.com\/restorans","https:\/\/www.instagram.com\/restoranscarlstons"]}]}},"_links":{"self":[{"href":"https:\/\/banketi.eu\/ru\/wp-json\/wp\/v2\/pages\/971","targetHints":{"allow":["GET"]}}],"collection":[{"href":"https:\/\/banketi.eu\/ru\/wp-json\/wp\/v2\/pages"}],"about":[{"href":"https:\/\/banketi.eu\/ru\/wp-json\/wp\/v2\/types\/page"}],"author":[{"embeddable":true,"href":"https:\/\/banketi.eu\/ru\/wp-json\/wp\/v2\/users\/1"}],"replies":[{"embeddable":true,"href":"https:\/\/banketi.eu\/ru\/wp-json\/wp\/v2\/comments?post=971"}],"version-history":[{"count":12,"href":"https:\/\/banketi.eu\/ru\/wp-json\/wp\/v2\/pages\/971\/revisions"}],"predecessor-version":[{"id":9782,"href":"https:\/\/banketi.eu\/ru\/wp-json\/wp\/v2\/pages\/971\/revisions\/9782"}],"wp:attachment":[{"href":"https:\/\/banketi.eu\/ru\/wp-json\/wp\/v2\/media?parent=971"}],"curies":[{"name":"wp","href":"https:\/\/api.w.org\/{rel}","templated":true}]}}