
{"id":3978,"date":"2020-12-21T09:38:28","date_gmt":"2020-12-21T07:38:28","guid":{"rendered":"https:\/\/banketi.eu\/?page_id=3978"},"modified":"2020-12-30T10:37:22","modified_gmt":"2020-12-30T08:37:22","slug":"pazinojums","status":"publish","type":"page","link":"https:\/\/banketi.eu\/ru\/pazinojums\/","title":{"rendered":"Pazi\u0146ojums"},"content":{"rendered":"<div data-elementor-type=\"wp-page\" data-elementor-id=\"3978\" class=\"elementor elementor-3978\">\n\t\t\t\t\t\t\t\t\t<section class=\"elementor-section elementor-top-section elementor-element elementor-element-4eb1fac elementor-section-content-middle elementor-section-height-min-height elementor-section-boxed elementor-section-height-default elementor-section-items-middle\" data-id=\"4eb1fac\" data-element_type=\"section\" data-settings=\"{&quot;background_background&quot;:&quot;classic&quot;}\">\n\t\t\t\t\t\t\t<div class=\"elementor-background-overlay\"><\/div>\n\t\t\t\t\t\t\t<div class=\"elementor-container elementor-column-gap-wider\">\n\t\t\t\t\t<div class=\"elementor-column elementor-col-100 elementor-top-column elementor-element elementor-element-3663fe7d\" data-id=\"3663fe7d\" data-element_type=\"column\">\n\t\t\t<div class=\"elementor-widget-wrap elementor-element-populated\">\n\t\t\t\t\t\t\t\t<section class=\"elementor-section elementor-inner-section elementor-element elementor-element-71a5f51c elementor-section-boxed elementor-section-height-default elementor-section-height-default\" data-id=\"71a5f51c\" data-element_type=\"section\">\n\t\t\t\t\t\t<div class=\"elementor-container elementor-column-gap-default\">\n\t\t\t\t\t<div class=\"elementor-column elementor-col-100 elementor-inner-column elementor-element elementor-element-4b5f04bb\" data-id=\"4b5f04bb\" data-element_type=\"column\">\n\t\t\t<div class=\"elementor-widget-wrap elementor-element-populated\">\n\t\t\t\t\t\t\t\t<div class=\"elementor-element elementor-element-22555e73 elementor-widget elementor-widget-heading\" data-id=\"22555e73\" data-element_type=\"widget\" data-widget_type=\"heading.default\">\n\t\t\t\t<div class=\"elementor-widget-container\">\n\t\t\t<h5 class=\"elementor-heading-title elementor-size-default\">PAZI\u0145OJUMS<\/h5>\t\t<\/div>\n\t\t\t\t<\/div>\n\t\t\t\t<div class=\"elementor-element elementor-element-7f31950a elementor-widget elementor-widget-heading\" data-id=\"7f31950a\" data-element_type=\"widget\" data-widget_type=\"heading.default\">\n\t\t\t\t<div class=\"elementor-widget-container\">\n\t\t\t<h1 class=\"elementor-heading-title elementor-size-default\"><b>uz 30.,31.decembri <\/b>pas\u016bt\u012bjumus nepie\u0146emam!<br><b>1.janv\u0101r\u012b<\/b> atp\u016b\u0161amies!<\/h1>\t\t<\/div>\n\t\t\t\t<\/div>\n\t\t\t\t\t<\/div>\n\t\t<\/div>\n\t\t\t\t\t\t\t<\/div>\n\t\t<\/section>\n\t\t\t\t<div class=\"elementor-element elementor-element-202220af elementor-widget elementor-widget-button\" data-id=\"202220af\" data-element_type=\"widget\" data-widget_type=\"button.default\">\n\t\t\t\t<div class=\"elementor-widget-container\">\n\t\t\t\t\t<div class=\"elementor-button-wrapper\">\n\t\t\t<a class=\"elementor-button elementor-button-link elementor-size-md elementor-animation-float\" href=\"https:\/\/banketi.eu\/ru\/internetveikals\/\">\n\t\t\t\t\t\t<span class=\"elementor-button-content-wrapper\">\n\t\t\t\t\t\t<span class=\"elementor-button-text\">UZ VEIKALU -><\/span>\n\t\t<\/span>\n\t\t\t\t\t<\/a>\n\t\t<\/div>\n\t\t\t\t<\/div>\n\t\t\t\t<\/div>\n\t\t\t\t\t<\/div>\n\t\t<\/div>\n\t\t\t\t\t\t\t<\/div>\n\t\t<\/section>\n\t\t\t\t\t\t\t<\/div>","protected":false},"excerpt":{"rendered":"<p>PAZI\u0145OJUMS uz 30.,31.decembri pas\u016bt\u012bjumus nepie\u0146emam!1.janv\u0101r\u012b atp\u016b\u0161amies! UZ VEIKALU -><\/p>","protected":false},"author":1,"featured_media":0,"parent":0,"menu_order":0,"comment_status":"closed","ping_status":"closed","template":"elementor_header_footer","meta":{"neve_meta_sidebar":"full-width","neve_meta_container":"","neve_meta_enable_content_width":"on","neve_meta_content_width":100,"neve_meta_title_alignment":"","neve_meta_author_avatar":"","neve_post_elements_order":"","neve_meta_disable_header":"","neve_meta_disable_footer":"","neve_meta_disable_title":"","footnotes":""},"class_list":["post-3978","page","type-page","status-publish","hentry"],"yoast_head":"<!-- This site is optimized with the Yoast SEO Premium plugin v16.7 (Yoast SEO v20.13) - https:\/\/yoast.com\/wordpress\/plugins\/seo\/ -->\n<title>Pazi\u0146ojums &bull; BBQ VEIKALS<\/title>\n<meta name=\"robots\" content=\"index, follow, max-snippet:-1, max-image-preview:large, max-video-preview:-1\" \/>\n<link rel=\"canonical\" href=\"https:\/\/banketi.eu\/ru\/pazinojums\/\" \/>\n<meta property=\"og:locale\" content=\"ru_RU\" \/>\n<meta property=\"og:type\" content=\"article\" \/>\n<meta property=\"og:title\" content=\"Pazi\u0146ojums\" \/>\n<meta property=\"og:description\" content=\"PAZI\u0145OJUMS uz 30.,31.decembri pas\u016bt\u012bjumus nepie\u0146emam!1.janv\u0101r\u012b atp\u016b\u0161amies! UZ VEIKALU -&gt;\" \/>\n<meta property=\"og:url\" content=\"https:\/\/banketi.eu\/ru\/pazinojums\/\" \/>\n<meta property=\"og:site_name\" content=\"BBQ VEIKALS\" \/>\n<meta property=\"article:publisher\" content=\"https:\/\/www.facebook.com\/restorans\" \/>\n<meta property=\"article:modified_time\" content=\"2020-12-30T08:37:22+00:00\" \/>\n<meta property=\"og:image\" content=\"https:\/\/banketi.eu\/wp-content\/uploads\/2021\/02\/7f7712572469219421e78921d8528b5a.jpg\" \/>\n\t<meta property=\"og:image:width\" content=\"460\" \/>\n\t<meta property=\"og:image:height\" content=\"672\" \/>\n\t<meta property=\"og:image:type\" content=\"image\/jpeg\" \/>\n<meta name=\"twitter:card\" content=\"summary_large_image\" \/>\n<script type=\"application\/ld+json\" class=\"yoast-schema-graph\">{\"@context\":\"https:\/\/schema.org\",\"@graph\":[{\"@type\":\"WebPage\",\"@id\":\"https:\/\/banketi.eu\/en\/pazinojums\/\",\"url\":\"https:\/\/banketi.eu\/en\/pazinojums\/\",\"name\":\"Pazi\u0146ojums &bull; BBQ VEIKALS\",\"isPartOf\":{\"@id\":\"https:\/\/banketi.eu\/#website\"},\"datePublished\":\"2020-12-21T07:38:28+00:00\",\"dateModified\":\"2020-12-30T08:37:22+00:00\",\"breadcrumb\":{\"@id\":\"https:\/\/banketi.eu\/en\/pazinojums\/#breadcrumb\"},\"inLanguage\":\"ru-RU\",\"potentialAction\":[{\"@type\":\"ReadAction\",\"target\":[\"https:\/\/banketi.eu\/en\/pazinojums\/\"]}]},{\"@type\":\"BreadcrumbList\",\"@id\":\"https:\/\/banketi.eu\/en\/pazinojums\/#breadcrumb\",\"itemListElement\":[{\"@type\":\"ListItem\",\"position\":1,\"name\":\"Home\",\"item\":\"https:\/\/banketi.eu\/\"},{\"@type\":\"ListItem\",\"position\":2,\"name\":\"Pazi\u0146ojums\"}]},{\"@type\":\"WebSite\",\"@id\":\"https:\/\/banketi.eu\/#website\",\"url\":\"https:\/\/banketi.eu\/\",\"name\":\"BBQ VEIKALS\",\"description\":\"\",\"publisher\":{\"@id\":\"https:\/\/banketi.eu\/#organization\"},\"potentialAction\":[{\"@type\":\"SearchAction\",\"target\":{\"@type\":\"EntryPoint\",\"urlTemplate\":\"https:\/\/banketi.eu\/?s={search_term_string}\"},\"query-input\":\"required name=search_term_string\"}],\"inLanguage\":\"ru-RU\"},{\"@type\":\"Organization\",\"@id\":\"https:\/\/banketi.eu\/#organization\",\"name\":\"Restor\u0101ns \u010carlstons\",\"url\":\"https:\/\/banketi.eu\/\",\"logo\":{\"@type\":\"ImageObject\",\"inLanguage\":\"ru-RU\",\"@id\":\"https:\/\/banketi.eu\/#\/schema\/logo\/image\/\",\"url\":\"https:\/\/banketi.eu\/wp-content\/uploads\/2020\/10\/111.png\",\"contentUrl\":\"https:\/\/banketi.eu\/wp-content\/uploads\/2020\/10\/111.png\",\"width\":100,\"height\":100,\"caption\":\"Restor\u0101ns \u010carlstons\"},\"image\":{\"@id\":\"https:\/\/banketi.eu\/#\/schema\/logo\/image\/\"},\"sameAs\":[\"https:\/\/www.facebook.com\/restorans\",\"https:\/\/www.instagram.com\/restoranscarlstons\"]}]}<\/script>\n<!-- \/ Yoast SEO Premium plugin. -->","yoast_head_json":{"title":"Pazi\u0146ojums &bull; BBQ VEIKALS","robots":{"index":"index","follow":"follow","max-snippet":"max-snippet:-1","max-image-preview":"max-image-preview:large","max-video-preview":"max-video-preview:-1"},"canonical":"https:\/\/banketi.eu\/ru\/pazinojums\/","og_locale":"ru_RU","og_type":"article","og_title":"Pazi\u0146ojums","og_description":"PAZI\u0145OJUMS uz 30.,31.decembri pas\u016bt\u012bjumus nepie\u0146emam!1.janv\u0101r\u012b atp\u016b\u0161amies! UZ VEIKALU ->","og_url":"https:\/\/banketi.eu\/ru\/pazinojums\/","og_site_name":"BBQ VEIKALS","article_publisher":"https:\/\/www.facebook.com\/restorans","article_modified_time":"2020-12-30T08:37:22+00:00","og_image":[{"width":460,"height":672,"url":"https:\/\/banketi.eu\/wp-content\/uploads\/2021\/02\/7f7712572469219421e78921d8528b5a.jpg","type":"image\/jpeg"}],"twitter_card":"summary_large_image","schema":{"@context":"https:\/\/schema.org","@graph":[{"@type":"WebPage","@id":"https:\/\/banketi.eu\/en\/pazinojums\/","url":"https:\/\/banketi.eu\/en\/pazinojums\/","name":"Pazi\u0146ojums &bull; BBQ VEIKALS","isPartOf":{"@id":"https:\/\/banketi.eu\/#website"},"datePublished":"2020-12-21T07:38:28+00:00","dateModified":"2020-12-30T08:37:22+00:00","breadcrumb":{"@id":"https:\/\/banketi.eu\/en\/pazinojums\/#breadcrumb"},"inLanguage":"ru-RU","potentialAction":[{"@type":"ReadAction","target":["https:\/\/banketi.eu\/en\/pazinojums\/"]}]},{"@type":"BreadcrumbList","@id":"https:\/\/banketi.eu\/en\/pazinojums\/#breadcrumb","itemListElement":[{"@type":"ListItem","position":1,"name":"Home","item":"https:\/\/banketi.eu\/"},{"@type":"ListItem","position":2,"name":"Pazi\u0146ojums"}]},{"@type":"WebSite","@id":"https:\/\/banketi.eu\/#website","url":"https:\/\/banketi.eu\/","name":"BBQ VEIKALS","description":"","publisher":{"@id":"https:\/\/banketi.eu\/#organization"},"potentialAction":[{"@type":"SearchAction","target":{"@type":"EntryPoint","urlTemplate":"https:\/\/banketi.eu\/?s={search_term_string}"},"query-input":"required name=search_term_string"}],"inLanguage":"ru-RU"},{"@type":"Organization","@id":"https:\/\/banketi.eu\/#organization","name":"Restor\u0101ns \u010carlstons","url":"https:\/\/banketi.eu\/","logo":{"@type":"ImageObject","inLanguage":"ru-RU","@id":"https:\/\/banketi.eu\/#\/schema\/logo\/image\/","url":"https:\/\/banketi.eu\/wp-content\/uploads\/2020\/10\/111.png","contentUrl":"https:\/\/banketi.eu\/wp-content\/uploads\/2020\/10\/111.png","width":100,"height":100,"caption":"Restor\u0101ns \u010carlstons"},"image":{"@id":"https:\/\/banketi.eu\/#\/schema\/logo\/image\/"},"sameAs":["https:\/\/www.facebook.com\/restorans","https:\/\/www.instagram.com\/restoranscarlstons"]}]}},"_links":{"self":[{"href":"https:\/\/banketi.eu\/ru\/wp-json\/wp\/v2\/pages\/3978","targetHints":{"allow":["GET"]}}],"collection":[{"href":"https:\/\/banketi.eu\/ru\/wp-json\/wp\/v2\/pages"}],"about":[{"href":"https:\/\/banketi.eu\/ru\/wp-json\/wp\/v2\/types\/page"}],"author":[{"embeddable":true,"href":"https:\/\/banketi.eu\/ru\/wp-json\/wp\/v2\/users\/1"}],"replies":[{"embeddable":true,"href":"https:\/\/banketi.eu\/ru\/wp-json\/wp\/v2\/comments?post=3978"}],"version-history":[{"count":0,"href":"https:\/\/banketi.eu\/ru\/wp-json\/wp\/v2\/pages\/3978\/revisions"}],"wp:attachment":[{"href":"https:\/\/banketi.eu\/ru\/wp-json\/wp\/v2\/media?parent=3978"}],"curies":[{"name":"wp","href":"https:\/\/api.w.org\/{rel}","templated":true}]}}