
{"id":2850,"date":"2020-10-14T11:51:12","date_gmt":"2020-10-14T08:51:12","guid":{"rendered":"https:\/\/banketi.eu\/?page_id=2850"},"modified":"2023-09-04T16:25:13","modified_gmt":"2023-09-04T13:25:13","slug":"internetveikals","status":"publish","type":"page","link":"https:\/\/banketi.eu\/en\/internetveikals\/","title":{"rendered":"E-Shop"},"content":{"rendered":"<div data-elementor-type=\"wp-page\" data-elementor-id=\"2850\" class=\"elementor elementor-2850\">\n\t\t\t\t\t\t\t\t\t<section class=\"elementor-section elementor-top-section elementor-element elementor-element-e731e8b elementor-section-boxed elementor-section-height-default elementor-section-height-default\" data-id=\"e731e8b\" data-element_type=\"section\" data-settings=\"{&quot;background_background&quot;:&quot;classic&quot;}\">\n\t\t\t\t\t\t<div class=\"elementor-container elementor-column-gap-default\">\n\t\t\t\t\t<div class=\"elementor-column elementor-col-33 elementor-top-column elementor-element elementor-element-38ae1eb\" data-id=\"38ae1eb\" data-element_type=\"column\">\n\t\t\t<div class=\"elementor-widget-wrap elementor-element-populated\">\n\t\t\t\t\t\t\t\t\t<\/div>\n\t\t<\/div>\n\t\t\t\t<div class=\"elementor-column elementor-col-33 elementor-top-column elementor-element elementor-element-347cab5\" data-id=\"347cab5\" data-element_type=\"column\">\n\t\t\t<div class=\"elementor-widget-wrap elementor-element-populated\">\n\t\t\t\t\t\t\t\t\t<\/div>\n\t\t<\/div>\n\t\t\t\t<div class=\"elementor-column elementor-col-33 elementor-top-column elementor-element elementor-element-bebddcc\" data-id=\"bebddcc\" data-element_type=\"column\">\n\t\t\t<div class=\"elementor-widget-wrap elementor-element-populated\">\n\t\t\t\t\t\t\t\t\t<\/div>\n\t\t<\/div>\n\t\t\t\t\t\t\t<\/div>\n\t\t<\/section>\n\t\t\t\t<section class=\"elementor-section elementor-top-section elementor-element elementor-element-12b16c0 elementor-section-boxed elementor-section-height-default elementor-section-height-default\" data-id=\"12b16c0\" data-element_type=\"section\">\n\t\t\t\t\t\t<div class=\"elementor-container elementor-column-gap-default\">\n\t\t\t\t\t<div class=\"elementor-column elementor-col-100 elementor-top-column elementor-element elementor-element-89600ae\" data-id=\"89600ae\" data-element_type=\"column\">\n\t\t\t<div class=\"elementor-widget-wrap elementor-element-populated\">\n\t\t\t\t\t\t\t\t<div class=\"elementor-element elementor-element-adb2d06 elementor-widget elementor-widget-image-carousel\" data-id=\"adb2d06\" data-element_type=\"widget\" data-settings=\"{&quot;slides_to_show&quot;:&quot;1&quot;,&quot;navigation&quot;:&quot;none&quot;,&quot;autoplay_speed&quot;:5500,&quot;pause_on_hover&quot;:&quot;no&quot;,&quot;pause_on_interaction&quot;:&quot;no&quot;,&quot;autoplay&quot;:&quot;yes&quot;,&quot;infinite&quot;:&quot;yes&quot;,&quot;effect&quot;:&quot;slide&quot;,&quot;speed&quot;:500}\" data-widget_type=\"image-carousel.default\">\n\t\t\t\t<div class=\"elementor-widget-container\">\n\t\t\t\t\t<div class=\"elementor-image-carousel-wrapper swiper-container\" dir=\"ltr\">\n\t\t\t<div class=\"elementor-image-carousel swiper-wrapper swiper-image-stretch\" aria-live=\"off\">\n\t\t\t\t\t\t\t\t<div class=\"swiper-slide\" role=\"group\" aria-roledescription=\"slide\" aria-label=\"1 of 2\"><figure class=\"swiper-slide-inner\"><img decoding=\"async\" class=\"swiper-slide-image\" src=\"https:\/\/banketi.eu\/wp-content\/uploads\/2021\/02\/sousvidebaneris2.png\" alt=\"\" \/><\/figure><\/div><div class=\"swiper-slide\" role=\"group\" aria-roledescription=\"slide\" aria-label=\"2 of 2\"><figure class=\"swiper-slide-inner\"><img decoding=\"async\" class=\"swiper-slide-image\" src=\"https:\/\/banketi.eu\/wp-content\/uploads\/2021\/05\/banneris.jpg\" alt=\"\" \/><\/figure><\/div>\t\t\t<\/div>\n\t\t\t\t\t\t\t\n\t\t\t\t\t\t\t\t\t<\/div>\n\t\t\t\t<\/div>\n\t\t\t\t<\/div>\n\t\t\t\t\t<\/div>\n\t\t<\/div>\n\t\t\t\t\t\t\t<\/div>\n\t\t<\/section>\n\t\t\t\t<section class=\"elementor-section elementor-top-section elementor-element elementor-element-1d4912c9 elementor-section-boxed elementor-section-height-default elementor-section-height-default\" data-id=\"1d4912c9\" data-element_type=\"section\">\n\t\t\t\t\t\t<div class=\"elementor-container elementor-column-gap-default\">\n\t\t\t\t\t<div class=\"elementor-column elementor-col-100 elementor-top-column elementor-element elementor-element-3883cd6c\" data-id=\"3883cd6c\" data-element_type=\"column\">\n\t\t\t<div class=\"elementor-widget-wrap elementor-element-populated\">\n\t\t\t\t\t\t\t\t<div class=\"elementor-element elementor-element-31c863f3 elementor-widget elementor-widget-shortcode\" data-id=\"31c863f3\" data-element_type=\"widget\" data-widget_type=\"shortcode.default\">\n\t\t\t\t<div class=\"elementor-widget-container\">\n\t\t\t\t\t<div class=\"elementor-shortcode\">[foodstore]<\/div>\n\t\t\t\t<\/div>\n\t\t\t\t<\/div>\n\t\t\t\t\t<\/div>\n\t\t<\/div>\n\t\t\t\t\t\t\t<\/div>\n\t\t<\/section>\n\t\t\t\t<section class=\"elementor-section elementor-top-section elementor-element elementor-element-4c9e85b elementor-section-content-top elementor-section-boxed elementor-section-height-default elementor-section-height-default\" data-id=\"4c9e85b\" data-element_type=\"section\" data-settings=\"{&quot;background_background&quot;:&quot;classic&quot;}\">\n\t\t\t\t\t\t<div class=\"elementor-container elementor-column-gap-default\">\n\t\t\t\t\t<div class=\"elementor-column elementor-col-33 elementor-top-column elementor-element elementor-element-3e35ea7\" data-id=\"3e35ea7\" data-element_type=\"column\">\n\t\t\t<div class=\"elementor-widget-wrap elementor-element-populated\">\n\t\t\t\t\t\t\t\t<div class=\"elementor-element elementor-element-31edc36 elementor-widget elementor-widget-heading\" data-id=\"31edc36\" data-element_type=\"widget\" data-widget_type=\"heading.default\">\n\t\t\t\t<div class=\"elementor-widget-container\">\n\t\t\t<h5 class=\"elementor-heading-title elementor-size-default\">BBQ E-SHOP<\/h5>\t\t<\/div>\n\t\t\t\t<\/div>\n\t\t\t\t\t<\/div>\n\t\t<\/div>\n\t\t\t\t<div class=\"elementor-column elementor-col-33 elementor-top-column elementor-element elementor-element-0d7ebc2\" data-id=\"0d7ebc2\" data-element_type=\"column\">\n\t\t\t<div class=\"elementor-widget-wrap elementor-element-populated\">\n\t\t\t\t\t\t\t\t\t<\/div>\n\t\t<\/div>\n\t\t\t\t<div class=\"elementor-column elementor-col-33 elementor-top-column elementor-element elementor-element-26a3c68\" data-id=\"26a3c68\" data-element_type=\"column\">\n\t\t\t<div class=\"elementor-widget-wrap elementor-element-populated\">\n\t\t\t\t\t\t\t\t<div class=\"elementor-element elementor-element-0869d43 elementor-widget elementor-widget-heading\" data-id=\"0869d43\" data-element_type=\"widget\" data-widget_type=\"heading.default\">\n\t\t\t\t<div class=\"elementor-widget-container\">\n\t\t\t<h2 class=\"elementor-heading-title elementor-size-default\">Menu<\/h2>\t\t<\/div>\n\t\t\t\t<\/div>\n\t\t\t\t<div class=\"elementor-element elementor-element-2ce6983 elementor-mobile-align-center elementor-icon-list--layout-traditional elementor-list-item-link-full_width elementor-widget elementor-widget-icon-list\" data-id=\"2ce6983\" data-element_type=\"widget\" data-widget_type=\"icon-list.default\">\n\t\t\t\t<div class=\"elementor-widget-container\">\n\t\t\t\t\t<ul class=\"elementor-icon-list-items\">\n\t\t\t\t\t\t\t<li class=\"elementor-icon-list-item\">\n\t\t\t\t\t\t\t\t\t\t\t<a href=\"https:\/\/banketi.eu\/en\/\">\n\n\t\t\t\t\t\t\t\t\t\t\t<span class=\"elementor-icon-list-text\">About Us<\/span>\n\t\t\t\t\t\t\t\t\t\t\t<\/a>\n\t\t\t\t\t\t\t\t\t<\/li>\n\t\t\t\t\t\t\t\t<li class=\"elementor-icon-list-item\">\n\t\t\t\t\t\t\t\t\t\t\t<a href=\"https:\/\/banketi.eu\/en\/internetveikals\/\">\n\n\t\t\t\t\t\t\t\t\t\t\t<span class=\"elementor-icon-list-text\">E-Shop<\/span>\n\t\t\t\t\t\t\t\t\t\t\t<\/a>\n\t\t\t\t\t\t\t\t\t<\/li>\n\t\t\t\t\t\t\t\t<li class=\"elementor-icon-list-item\">\n\t\t\t\t\t\t\t\t\t\t\t<a href=\"https:\/\/banketi.eu\/en\/piegade\/\">\n\n\t\t\t\t\t\t\t\t\t\t\t<span class=\"elementor-icon-list-text\">Delivery map<\/span>\n\t\t\t\t\t\t\t\t\t\t\t<\/a>\n\t\t\t\t\t\t\t\t\t<\/li>\n\t\t\t\t\t\t\t\t<li class=\"elementor-icon-list-item\">\n\t\t\t\t\t\t\t\t\t\t\t<a href=\"https:\/\/banketi.eu\/en\/privatuma-politika\/\">\n\n\t\t\t\t\t\t\t\t\t\t\t<span class=\"elementor-icon-list-text\">Privacy policy<\/span>\n\t\t\t\t\t\t\t\t\t\t\t<\/a>\n\t\t\t\t\t\t\t\t\t<\/li>\n\t\t\t\t\t\t\t\t<li class=\"elementor-icon-list-item\">\n\t\t\t\t\t\t\t\t\t\t\t<a href=\"https:\/\/banketi.eu\/en\/noteikumi\/\">\n\n\t\t\t\t\t\t\t\t\t\t\t<span class=\"elementor-icon-list-text\">Regulations<\/span>\n\t\t\t\t\t\t\t\t\t\t\t<\/a>\n\t\t\t\t\t\t\t\t\t<\/li>\n\t\t\t\t\t\t<\/ul>\n\t\t\t\t<\/div>\n\t\t\t\t<\/div>\n\t\t\t\t\t<\/div>\n\t\t<\/div>\n\t\t\t\t\t\t\t<\/div>\n\t\t<\/section>\n\t\t\t\t\t\t\t<\/div>","protected":false},"excerpt":{"rendered":"<p>[foodstore] bbq e-veikals Izv\u0113lne Par Mums Internetveikals Pieg\u0101des karte Priv\u0101tuma politika Noteikumi<\/p>","protected":false},"author":1,"featured_media":0,"parent":0,"menu_order":0,"comment_status":"closed","ping_status":"closed","template":"elementor_header_footer","meta":{"neve_meta_sidebar":"","neve_meta_container":"","neve_meta_enable_content_width":"","neve_meta_content_width":0,"neve_meta_title_alignment":"","neve_meta_author_avatar":"","neve_post_elements_order":"","neve_meta_disable_header":"","neve_meta_disable_footer":"","neve_meta_disable_title":"","footnotes":""},"class_list":["post-2850","page","type-page","status-publish","hentry"],"yoast_head":"<!-- This site is optimized with the Yoast SEO Premium plugin v16.7 (Yoast SEO v20.13) - https:\/\/yoast.com\/wordpress\/plugins\/seo\/ -->\n<title>Restor\u0101na \u010carlstons E-Veikals<\/title>\n<meta name=\"robots\" content=\"index, follow, max-snippet:-1, max-image-preview:large, max-video-preview:-1\" \/>\n<link rel=\"canonical\" href=\"https:\/\/banketi.eu\/en\/internetveikals\/\" \/>\n<meta property=\"og:locale\" content=\"en_US\" \/>\n<meta property=\"og:type\" content=\"article\" \/>\n<meta property=\"og:title\" content=\"Internetveikals\" \/>\n<meta property=\"og:description\" content=\"[foodstore] bbq e-veikals Izv\u0113lne Par Mums Internetveikals Pieg\u0101des karte Priv\u0101tuma politika Noteikumi\" \/>\n<meta property=\"og:url\" content=\"https:\/\/banketi.eu\/en\/internetveikals\/\" \/>\n<meta property=\"og:site_name\" content=\"BBQ VEIKALS\" \/>\n<meta property=\"article:publisher\" content=\"https:\/\/www.facebook.com\/restorans\" \/>\n<meta property=\"article:modified_time\" content=\"2023-09-04T13:25:13+00:00\" \/>\n<meta property=\"og:image\" content=\"https:\/\/banketi.eu\/wp-content\/uploads\/2021\/02\/sousvidebaneris2.png\" \/>\n<meta name=\"twitter:card\" content=\"summary_large_image\" \/>\n<meta name=\"twitter:label1\" content=\"Est. reading time\" \/>\n\t<meta name=\"twitter:data1\" content=\"1 minute\" \/>\n<script type=\"application\/ld+json\" class=\"yoast-schema-graph\">{\"@context\":\"https:\/\/schema.org\",\"@graph\":[{\"@type\":\"WebPage\",\"@id\":\"https:\/\/banketi.eu\/internetveikals\/\",\"url\":\"https:\/\/banketi.eu\/internetveikals\/\",\"name\":\"Restor\u0101na \u010carlstons E-Veikals\",\"isPartOf\":{\"@id\":\"https:\/\/banketi.eu\/#website\"},\"datePublished\":\"2020-10-14T08:51:12+00:00\",\"dateModified\":\"2023-09-04T13:25:13+00:00\",\"breadcrumb\":{\"@id\":\"https:\/\/banketi.eu\/internetveikals\/#breadcrumb\"},\"inLanguage\":\"en-US\",\"potentialAction\":[{\"@type\":\"ReadAction\",\"target\":[\"https:\/\/banketi.eu\/internetveikals\/\"]}]},{\"@type\":\"BreadcrumbList\",\"@id\":\"https:\/\/banketi.eu\/internetveikals\/#breadcrumb\",\"itemListElement\":[{\"@type\":\"ListItem\",\"position\":1,\"name\":\"Home\",\"item\":\"https:\/\/banketi.eu\/\"},{\"@type\":\"ListItem\",\"position\":2,\"name\":\"Internetveikals\"}]},{\"@type\":\"WebSite\",\"@id\":\"https:\/\/banketi.eu\/#website\",\"url\":\"https:\/\/banketi.eu\/\",\"name\":\"BBQ VEIKALS\",\"description\":\"\",\"publisher\":{\"@id\":\"https:\/\/banketi.eu\/#organization\"},\"potentialAction\":[{\"@type\":\"SearchAction\",\"target\":{\"@type\":\"EntryPoint\",\"urlTemplate\":\"https:\/\/banketi.eu\/?s={search_term_string}\"},\"query-input\":\"required name=search_term_string\"}],\"inLanguage\":\"en-US\"},{\"@type\":\"Organization\",\"@id\":\"https:\/\/banketi.eu\/#organization\",\"name\":\"Restor\u0101ns \u010carlstons\",\"url\":\"https:\/\/banketi.eu\/\",\"logo\":{\"@type\":\"ImageObject\",\"inLanguage\":\"en-US\",\"@id\":\"https:\/\/banketi.eu\/#\/schema\/logo\/image\/\",\"url\":\"https:\/\/banketi.eu\/wp-content\/uploads\/2020\/10\/111.png\",\"contentUrl\":\"https:\/\/banketi.eu\/wp-content\/uploads\/2020\/10\/111.png\",\"width\":100,\"height\":100,\"caption\":\"Restor\u0101ns \u010carlstons\"},\"image\":{\"@id\":\"https:\/\/banketi.eu\/#\/schema\/logo\/image\/\"},\"sameAs\":[\"https:\/\/www.facebook.com\/restorans\",\"https:\/\/www.instagram.com\/restoranscarlstons\"]}]}<\/script>\n<!-- \/ Yoast SEO Premium plugin. -->","yoast_head_json":{"title":"Restor\u0101na \u010carlstons E-Veikals","robots":{"index":"index","follow":"follow","max-snippet":"max-snippet:-1","max-image-preview":"max-image-preview:large","max-video-preview":"max-video-preview:-1"},"canonical":"https:\/\/banketi.eu\/en\/internetveikals\/","og_locale":"en_US","og_type":"article","og_title":"Internetveikals","og_description":"[foodstore] bbq e-veikals Izv\u0113lne Par Mums Internetveikals Pieg\u0101des karte Priv\u0101tuma politika Noteikumi","og_url":"https:\/\/banketi.eu\/en\/internetveikals\/","og_site_name":"BBQ VEIKALS","article_publisher":"https:\/\/www.facebook.com\/restorans","article_modified_time":"2023-09-04T13:25:13+00:00","og_image":[{"url":"https:\/\/banketi.eu\/wp-content\/uploads\/2021\/02\/sousvidebaneris2.png"}],"twitter_card":"summary_large_image","twitter_misc":{"Est. reading time":"1 minute"},"schema":{"@context":"https:\/\/schema.org","@graph":[{"@type":"WebPage","@id":"https:\/\/banketi.eu\/internetveikals\/","url":"https:\/\/banketi.eu\/internetveikals\/","name":"Restor\u0101na \u010carlstons E-Veikals","isPartOf":{"@id":"https:\/\/banketi.eu\/#website"},"datePublished":"2020-10-14T08:51:12+00:00","dateModified":"2023-09-04T13:25:13+00:00","breadcrumb":{"@id":"https:\/\/banketi.eu\/internetveikals\/#breadcrumb"},"inLanguage":"en-US","potentialAction":[{"@type":"ReadAction","target":["https:\/\/banketi.eu\/internetveikals\/"]}]},{"@type":"BreadcrumbList","@id":"https:\/\/banketi.eu\/internetveikals\/#breadcrumb","itemListElement":[{"@type":"ListItem","position":1,"name":"Home","item":"https:\/\/banketi.eu\/"},{"@type":"ListItem","position":2,"name":"Internetveikals"}]},{"@type":"WebSite","@id":"https:\/\/banketi.eu\/#website","url":"https:\/\/banketi.eu\/","name":"BBQ VEIKALS","description":"","publisher":{"@id":"https:\/\/banketi.eu\/#organization"},"potentialAction":[{"@type":"SearchAction","target":{"@type":"EntryPoint","urlTemplate":"https:\/\/banketi.eu\/?s={search_term_string}"},"query-input":"required name=search_term_string"}],"inLanguage":"en-US"},{"@type":"Organization","@id":"https:\/\/banketi.eu\/#organization","name":"Restor\u0101ns \u010carlstons","url":"https:\/\/banketi.eu\/","logo":{"@type":"ImageObject","inLanguage":"en-US","@id":"https:\/\/banketi.eu\/#\/schema\/logo\/image\/","url":"https:\/\/banketi.eu\/wp-content\/uploads\/2020\/10\/111.png","contentUrl":"https:\/\/banketi.eu\/wp-content\/uploads\/2020\/10\/111.png","width":100,"height":100,"caption":"Restor\u0101ns \u010carlstons"},"image":{"@id":"https:\/\/banketi.eu\/#\/schema\/logo\/image\/"},"sameAs":["https:\/\/www.facebook.com\/restorans","https:\/\/www.instagram.com\/restoranscarlstons"]}]}},"_links":{"self":[{"href":"https:\/\/banketi.eu\/en\/wp-json\/wp\/v2\/pages\/2850","targetHints":{"allow":["GET"]}}],"collection":[{"href":"https:\/\/banketi.eu\/en\/wp-json\/wp\/v2\/pages"}],"about":[{"href":"https:\/\/banketi.eu\/en\/wp-json\/wp\/v2\/types\/page"}],"author":[{"embeddable":true,"href":"https:\/\/banketi.eu\/en\/wp-json\/wp\/v2\/users\/1"}],"replies":[{"embeddable":true,"href":"https:\/\/banketi.eu\/en\/wp-json\/wp\/v2\/comments?post=2850"}],"version-history":[{"count":6,"href":"https:\/\/banketi.eu\/en\/wp-json\/wp\/v2\/pages\/2850\/revisions"}],"predecessor-version":[{"id":9792,"href":"https:\/\/banketi.eu\/en\/wp-json\/wp\/v2\/pages\/2850\/revisions\/9792"}],"wp:attachment":[{"href":"https:\/\/banketi.eu\/en\/wp-json\/wp\/v2\/media?parent=2850"}],"curies":[{"name":"wp","href":"https:\/\/api.w.org\/{rel}","templated":true}]}}