
{"id":244,"date":"2020-03-20T22:03:20","date_gmt":"2020-03-20T22:03:20","guid":{"rendered":"https:\/\/banketi.eu\/?page_id=244"},"modified":"2023-09-04T13:20:34","modified_gmt":"2023-09-04T10:20:34","slug":"noteikumi","status":"publish","type":"page","link":"https:\/\/banketi.eu\/en\/noteikumi\/","title":{"rendered":"Regulations"},"content":{"rendered":"<div data-elementor-type=\"wp-page\" data-elementor-id=\"244\" class=\"elementor elementor-244\">\n\t\t\t\t\t\t\t\t\t<section class=\"elementor-section elementor-top-section elementor-element elementor-element-1405645 elementor-section-content-middle elementor-section-stretched elementor-section-boxed elementor-section-height-default elementor-section-height-default\" data-id=\"1405645\" data-element_type=\"section\" data-settings=\"{&quot;stretch_section&quot;:&quot;section-stretched&quot;}\">\n\t\t\t\t\t\t\t<div class=\"elementor-background-overlay\"><\/div>\n\t\t\t\t\t\t\t<div class=\"elementor-container elementor-column-gap-default\">\n\t\t\t\t\t<div class=\"elementor-column elementor-col-100 elementor-top-column elementor-element elementor-element-7639a31\" data-id=\"7639a31\" data-element_type=\"column\">\n\t\t\t<div class=\"elementor-widget-wrap elementor-element-populated\">\n\t\t\t\t\t\t\t\t<section class=\"elementor-section elementor-inner-section elementor-element elementor-element-009a84c elementor-section-height-min-height elementor-section-boxed elementor-section-height-default\" data-id=\"009a84c\" data-element_type=\"section\">\n\t\t\t\t\t\t<div class=\"elementor-container elementor-column-gap-default\">\n\t\t\t\t\t<div class=\"elementor-column elementor-col-100 elementor-inner-column elementor-element elementor-element-8f5c0ff\" data-id=\"8f5c0ff\" data-element_type=\"column\">\n\t\t\t<div class=\"elementor-widget-wrap elementor-element-populated\">\n\t\t\t\t\t\t\t\t<div class=\"elementor-element elementor-element-34c1917 elementor-widget elementor-widget-heading\" data-id=\"34c1917\" data-element_type=\"widget\" data-widget_type=\"heading.default\">\n\t\t\t\t<div class=\"elementor-widget-container\">\n\t\t\t<h2 class=\"elementor-heading-title elementor-size-default\">Regulations<\/h2>\t\t<\/div>\n\t\t\t\t<\/div>\n\t\t\t\t<div class=\"elementor-element elementor-element-b4d62e1 elementor-widget-divider--view-line elementor-widget elementor-widget-divider\" data-id=\"b4d62e1\" data-element_type=\"widget\" data-widget_type=\"divider.default\">\n\t\t\t\t<div class=\"elementor-widget-container\">\n\t\t\t\t\t<div class=\"elementor-divider\">\n\t\t\t<span class=\"elementor-divider-separator\">\n\t\t\t\t\t\t<\/span>\n\t\t<\/div>\n\t\t\t\t<\/div>\n\t\t\t\t<\/div>\n\t\t\t\t\t<\/div>\n\t\t<\/div>\n\t\t\t\t\t\t\t<\/div>\n\t\t<\/section>\n\t\t\t\t<section class=\"elementor-section elementor-inner-section elementor-element elementor-element-60e359c elementor-section-full_width elementor-section-height-default elementor-section-height-default\" data-id=\"60e359c\" data-element_type=\"section\">\n\t\t\t\t\t\t<div class=\"elementor-container elementor-column-gap-default\">\n\t\t\t\t\t<div class=\"elementor-column elementor-col-100 elementor-inner-column elementor-element elementor-element-f45c4a4\" data-id=\"f45c4a4\" data-element_type=\"column\">\n\t\t\t<div class=\"elementor-widget-wrap elementor-element-populated\">\n\t\t\t\t\t\t\t\t<div class=\"elementor-element elementor-element-3822595 elementor-widget elementor-widget-text-editor\" data-id=\"3822595\" data-element_type=\"widget\" data-widget_type=\"text-editor.default\">\n\t\t\t\t<div class=\"elementor-widget-container\">\n\t\t\t\t\t\t\t<p>Latvijas Republikas likumdo\u0161ana nosaka, ka interneta veikala \u012bpa\u0161niekam ir j\u0101atrun\u0101 pre\u010du pieg\u0101des un atgrie\u0161anas noteikumi, k\u0101 ar\u012b atteikuma ties\u012bbas. \u0160\u0101du atrunu sauc par distances l\u012bgumu (MK noteikumi).<\/p><p><strong>Distances l\u012bgums<\/strong><\/p><div><strong>P\u0101rdev\u0113js\u00a0<\/strong><\/div><div>\u00a0<\/div><div><strong>Pirc\u0113js<\/strong>\u00a0ir fiziska vai juridiska persona, kas iep\u0113rkas www.banketi.eu m\u0101jas lap\u0101.<\/div><p>\u0160aj\u0101 Interneta veikal\u0101 pied\u0101v\u0101to pre\u010du p\u0101rdev\u0113js no vienas puses, turpm\u0101k saukts P\u0101rdev\u0113js, un persona, kas veic pas\u016bt\u012bjumu, turpm\u0101k saukta Pirc\u0113js, no otras puses, nosl\u0113dz \u0161\u0101du L\u012bgumu: P\u0101rdev\u0113js ap\u0146emas p\u0101rdot un pieg\u0101d\u0101t Pirc\u0113jam preces, atbilsto\u0161i Pirc\u0113ja pas\u016bt\u012bjumam.<\/p><p><strong>Pieg\u0101des un samaksas k\u0101rt\u012bba<\/strong><\/p><p>Pirc\u0113js veic pre\u010du pas\u016bt\u012b\u0161anu caur \u0161o m\u0101jaslapu, nor\u0101dot pas\u016btamo pre\u010du veidu un daudzumu. Pirc\u0113jam ir iesp\u0113ja veikt apmaksu par preci, lietojot Interneta veikal\u0101 iestr\u0101d\u0101tos maks\u0101juma r\u012bkus, vai apmaks\u0101jot P\u0101rdev\u0113js sagatavo, un Pirc\u0113jam pa e-pastu nos\u016bta pas\u016bt\u012bjumam atbilsto\u0161u r\u0113\u0137inu. R\u0113\u0137ins tiek sagatavots elektroniski un ir der\u012bgs bez paraksta.<\/p><p><strong>K\u0101 veikt pirkumu?<\/strong><\/p><p>1. Solis \u2013 Izv\u0113lieties preci. Kad tas izdar\u012bts, spiediet Pievienot Grozam, kas to autom\u0101tiski pievienos J\u016bsu iepirkuma grozam.<\/p><p>2. solis \u2013 Noform\u0113jiet pas\u016bt\u012bjumu. Dodieties uz sada\u013cu &#8220;grozs\u201d, r\u016bp\u012bgi izlasiet visu inform\u0101ciju par sevis izv\u0113l\u0113to preci un aizpildiet oblig\u0101tos laukus, k\u0101 ar\u012b p\u0101rskatiet izv\u0113l\u0113t\u0101s preces un to daudzumu.<\/p><p>3. solis \u2013 Turpiniet uz apmaksu<\/p><p>Spiediet Turpin\u0101t noform\u0113t pirkumu. Atv\u0113rsies Checkout logs pirkuma apmaksas logs, kur\u0101 Jums j\u0101ievada nepiecie\u0161amie dati, lai varam ar Jums sazin\u0101ties, saist\u012bb\u0101 ar veikto pirkumu, izs\u016bt\u012bt pirkumu apstiprino\u0161u r\u0113\u0137inu(ja nepiecie\u0161ams). Ja J\u016bs apmierina veiktais pas\u016bt\u012bjums, izv\u0113lies vienu no metod\u0113m, k\u0101 apmaks\u0101t savu pirkumu un spiediet pas\u016bt\u012bt.<\/p><p>\u00a0<\/p><p><strong>Pieg\u0101des noteikumi<\/strong><\/p><p>Preci iesp\u0113jams sa\u0146emt \u0161\u0101dos veidos:<\/p><ul><li>ar kurjeru R\u012bgas robe\u017e\u0101s, pas\u016bt\u012bjumam virs\u00a0 \u00a0 \u00a0(bez maksas)<\/li><li>ar kurjeru R\u012bgas robe\u017e\u0101s, pas\u016bt\u012bjumam zem\u00a0 \u00a0 \u00a0 (maksa\u00a0 EUR)<\/li><li>ar kurjeru uz nor\u0101d\u012bto adresi \u2013 individu\u0101li vienojoties<\/li><\/ul><p>Standarta pieg\u0101de tiek veikta t\u0101s pa\u0161as dienas laik\u0101 no apmaksas br\u012b\u017ea.<\/p><p>Maksim\u0101lais pieg\u0101des laiks ir 2 stundas. Par standarta pieg\u0101des kav\u0113\u0161anos pirc\u0113js tiek inform\u0113ts, individu\u0101li sazinoties pa telefonu vai uz nor\u0101d\u012bto e-pastu.<\/p><p><strong>Nor\u0113\u0137inu val\u016bta<\/strong><\/p><p>Nor\u0113\u0137inu val\u016bta vietn\u0113 www.banketi.eu ir eiro (EUR).<\/p><p><strong>Apmaksas k\u0101rt\u012bba<\/strong><\/p><p>J\u016bsu \u0113rt\u012bbai pied\u0101v\u0101jam veikt apmaksu ar bankas karti vai bankas p\u0101rskait\u012bjumu. Izv\u0113loties \u0161o apmaksas veidu, varat savu pas\u016bt\u012bjumu apmaks\u0101t uzreiz un preci sa\u0146emt ar kurjeru bezkontakta veid\u0101.<\/p><p>Apmaksa ar bankas karti ir iesp\u0113jama tikai taj\u0101 gad\u012bjum\u0101, ja banka, kura Jums ir izsniegusi doto karti, piedal\u0101s programm\u0101 dro\u0161o pirkumu veik\u0161anai internet\u0101 (MasterCard SecureCode vai Verified by Visa). P\u0113c bankas kartes datu ievad\u012b\u0161anas J\u016bs varat tikt nos\u016bt\u012bti uz J\u016bsu bankas lapu dro\u0161\u012bbas koda ievad\u012b\u0161anai, kas nepiecie\u0161ams lai p\u0101rbaud\u012btu J\u016bsu personas datus. Ja maks\u0101jums netiks apstiprin\u0101ts, l\u016bgums sazin\u0101ties ar J\u016bsu banku, kura Jums ir izsniegusi maks\u0101juma karti vai ar\u012b izv\u0113lieties citu maks\u0101juma veidu.<\/p><p><strong>Kuponu lieto\u0161anas noteikumi<\/strong><\/p><p>Ja Pirc\u0113jam ir atlai\u017eu kupons ar kodu, tad Pirc\u0113js pirkumam var pievienot atlai\u017eu kupona kodu, ievadot to speci\u0101l\u0101 ievades lauk\u0101 zem nosaukuma \u201ckupons\u201d. Kad kods ievad\u012bts, tad ir j\u0101spie\u017e poga \u201cIzmantot kuponu\u201d. Sist\u0113ma autom\u0101tiski p\u0101rr\u0113\u0137in\u0101s cenu ar pievienoto atlaidi. Kupona kods var nedarboties gad\u012bjumos, ja precei jau ir iestat\u012bta k\u0101da no atlai\u017eu opcij\u0101m, piem., t\u0101 jau ir akcijas prece ar speci\u0101lo cenu. Kupona kodi ir lojalit\u0101tes politikas bonusi, ko katrs Pirc\u0113js vai Pirc\u0113ju grupa individu\u0101li var sa\u0146emt no P\u0101rdev\u0113ja. Atsevi\u0161\u0137os gad\u012bjumos ar m\u0113r\u0137i veicin\u0101t p\u0101rdo\u0161anas apjomus atlai\u017eu kupona kodi var tikt public\u0113ti ar\u012b soci\u0101laj\u0101s sazi\u0146as vietn\u0113s vai cit\u0101 publisk\u0101 telp\u0101.<\/p><p><strong>Atteikuma ties\u012bbas<\/strong><\/p><p>Pirc\u0113jam ir ties\u012bbas atteikties no preces br\u012bd\u012b, kad kurjers ir t\u0101s pa\u0161as dienas laik\u0101, nog\u0101d\u0101 preci ilg\u0101k par 2 stund\u0101m no pas\u016bt\u012bjuma br\u012b\u017ea. Visus izdevumus, kas rad\u012bsies saist\u012bb\u0101 ar preces nos\u016bt\u012b\u0161anu atpaka\u013c P\u0101rdev\u0113jam, sedz Pirc\u0113js.<\/p><p>Pirc\u0113js nevar izmantot atteikuma ties\u012bbas, ja:<\/p><ul><li>pas\u016bt\u012bt\u0101s preces p\u0113c to rakstura nevar atdot atpaka\u013c vai t\u0101s \u0101tri boj\u0101jas, vai ir \u0101tri izlietojamas;<\/li><li>pas\u016bt\u012bt\u0101s preces ir izgatavotas tie\u0161i Pirc\u0113jam p\u0113c individu\u0101la pas\u016bt\u012bjuma;<\/li><\/ul><p>Latvijas Republikas Pat\u0113r\u0113t\u0101ju ties\u012bbu aizsardz\u012bbas likuma 12. panta sest\u0101 da\u013ca nosaka, ka \u201cpat\u0113r\u0113t\u0101js ir atbild\u012bgs par preces kvalit\u0101tes un dro\u0161uma saglab\u0101\u0161anu atteikuma ties\u012bbu realiz\u0113\u0161anas termi\u0146\u0101\u201d. P\u0101rdev\u0113js patur ties\u012bbas Pirc\u0113jam atteikt izmantot atteikuma ties\u012bbas vai ietur\u0113t kompens\u0101cijas maksu gad\u012bjum\u0101, ja prece ir boj\u0101ta, lieto\u0161anas laik\u0101 nev\u0113r\u012bgi izturoties pret preci vai neiev\u0113rojot instrukcijas nor\u0101d\u012bjumus, ja ir nozaud\u0113ts preces ori\u0123in\u0101lais iepakojums, vai, ja t\u0101s iepakojums ir b\u016btiski boj\u0101ts vai, attiec\u012bb\u0101 uz p\u0101rtikas prec\u0113m \u2013 atv\u0113rts iepakojums.<\/p><p><strong>Datu apstr\u0101de<\/strong><\/p><p>Ievadot nepiecie\u0161amo inform\u0101ciju, noform\u0113jot pas\u016bt\u012bjumu, Pirc\u0113js apliecina, ka ir iepazinies un piekr\u012bt, ka vi\u0146a sniegtie dati tiek izmantoti, lai P\u0101rdev\u0113js var\u0113tu pie\u0146emt Pirc\u0113ja pas\u016bt\u012bjumu un veikt pre\u010du pieg\u0101di saska\u0146\u0101 ar LR likumdo\u0161anas pras\u012bb\u0101m. Ievadot inform\u0101ciju, Pirc\u0113js piekr\u012bt, ka tam uz nor\u0101d\u012bto e-pastu tiks izs\u016bt\u012bti pazi\u0146ojumi, kas saist\u012bti ar Pirc\u0113ja pas\u016bt\u012bjuma apstr\u0101di. P\u0101rdev\u0113js apzin\u0101s un iev\u0113ros visus dro\u0161\u012bbas pas\u0101kumus, kas saist\u012bti ar kar\u0161u datu p\u0101rs\u016bt\u012b\u0161anu un pirc\u0113ja kartes dati netiks glab\u0101ti.<\/p><p><strong>Br\u012bdin\u0101jums pirc\u0113jiem<\/strong><\/p><p>Re\u0101l\u0101s preces \u0101r\u0113jais izskats var at\u0161\u0137irties no fotogr\u0101fij\u0101 att\u0113lot\u0101.<br \/>\u2022\u00a0Inform\u0101cija un interneta veikal\u0101 pied\u0101v\u0101tais produkta apraksts ir visp\u0101r\u012bga rakstura, t\u0101p\u0113c nav identisks uz produkta iesai\u0146ojuma nor\u0101d\u012btajai inform\u0101cijai.<br \/>\u2022\u00a0Uz produkta iesai\u0146ojuma nor\u0101d\u012bt\u0101 inform\u0101cija ir detaliz\u0113t\u0101ka un var nedaudz at\u0161\u0137irties no inform\u0101cijas, kas nor\u0101d\u012bta interneta veikal\u0101 pied\u0101v\u0101to pre\u010du aprakstos.<br \/>\u2022\u00a0M\u0113s vienm\u0113r iesak\u0101m las\u012bt un vad\u012bties p\u0113c inform\u0101cijas uz preces iesai\u0146ojuma.<br \/>\u2022\u00a0Akcijas pre\u010du skaits ir ierobe\u017eots.<\/p>\t\t\t\t\t\t<\/div>\n\t\t\t\t<\/div>\n\t\t\t\t\t<\/div>\n\t\t<\/div>\n\t\t\t\t\t\t\t<\/div>\n\t\t<\/section>\n\t\t\t\t\t<\/div>\n\t\t<\/div>\n\t\t\t\t\t\t\t<\/div>\n\t\t<\/section>\n\t\t\t\t\t\t\t<\/div>","protected":false},"excerpt":{"rendered":"<p>Noteikumi Latvijas Republikas likumdo\u0161ana nosaka, ka interneta veikala \u012bpa\u0161niekam ir j\u0101atrun\u0101 pre\u010du pieg\u0101des un atgrie\u0161anas noteikumi, k\u0101 ar\u012b atteikuma ties\u012bbas. \u0160\u0101du atrunu sauc par distances l\u012bgumu (MK noteikumi). Distances l\u012bgums P\u0101rdev\u0113js\u00a0\u00a0Pirc\u0113js\u00a0ir fiziska vai juridiska persona, kas iep\u0113rkas www.banketi.eu m\u0101jas lap\u0101. \u0160aj\u0101 Interneta veikal\u0101 pied\u0101v\u0101to pre\u010du p\u0101rdev\u0113js no vienas puses, turpm\u0101k saukts P\u0101rdev\u0113js, un persona, kas&hellip;&nbsp;<a href=\"https:\/\/banketi.eu\/en\/noteikumi\/\" class=\"\" rel=\"bookmark\">Read More &raquo;<span class=\"screen-reader-text\">Regulations<\/span><\/a><\/p>","protected":false},"author":1,"featured_media":0,"parent":0,"menu_order":0,"comment_status":"closed","ping_status":"closed","template":"elementor_header_footer","meta":{"neve_meta_sidebar":"","neve_meta_container":"","neve_meta_enable_content_width":"","neve_meta_content_width":0,"neve_meta_title_alignment":"","neve_meta_author_avatar":"","neve_post_elements_order":"","neve_meta_disable_header":"","neve_meta_disable_footer":"","neve_meta_disable_title":"","footnotes":""},"class_list":["post-244","page","type-page","status-publish","hentry"],"yoast_head":"<!-- This site is optimized with the Yoast SEO Premium plugin v16.7 (Yoast SEO v20.13) - https:\/\/yoast.com\/wordpress\/plugins\/seo\/ -->\n<title>Noteikumi &bull; BBQ VEIKALS<\/title>\n<meta name=\"robots\" content=\"index, follow, max-snippet:-1, max-image-preview:large, max-video-preview:-1\" \/>\n<link rel=\"canonical\" href=\"https:\/\/banketi.eu\/en\/noteikumi\/\" \/>\n<meta property=\"og:locale\" content=\"en_US\" \/>\n<meta property=\"og:type\" content=\"article\" \/>\n<meta property=\"og:title\" content=\"Noteikumi\" \/>\n<meta property=\"og:description\" content=\"Noteikumi Latvijas Republikas likumdo\u0161ana nosaka, ka interneta veikala \u012bpa\u0161niekam ir j\u0101atrun\u0101 pre\u010du pieg\u0101des un atgrie\u0161anas noteikumi, k\u0101 ar\u012b atteikuma ties\u012bbas. \u0160\u0101du atrunu sauc par distances l\u012bgumu (MK noteikumi). Distances l\u012bgums P\u0101rdev\u0113js\u00a0\u00a0Pirc\u0113js\u00a0ir fiziska vai juridiska persona, kas iep\u0113rkas www.banketi.eu m\u0101jas lap\u0101. \u0160aj\u0101 Interneta veikal\u0101 pied\u0101v\u0101to pre\u010du p\u0101rdev\u0113js no vienas puses, turpm\u0101k saukts P\u0101rdev\u0113js, un persona, kas&hellip;&nbsp;Read More &raquo;Noteikumi\" \/>\n<meta property=\"og:url\" content=\"https:\/\/banketi.eu\/en\/noteikumi\/\" \/>\n<meta property=\"og:site_name\" content=\"BBQ VEIKALS\" \/>\n<meta property=\"article:publisher\" content=\"https:\/\/www.facebook.com\/restorans\" \/>\n<meta property=\"article:modified_time\" content=\"2023-09-04T10:20:34+00:00\" \/>\n<meta property=\"og:image\" content=\"https:\/\/banketi.eu\/wp-content\/uploads\/2021\/02\/7f7712572469219421e78921d8528b5a.jpg\" \/>\n\t<meta property=\"og:image:width\" content=\"460\" \/>\n\t<meta property=\"og:image:height\" content=\"672\" \/>\n\t<meta property=\"og:image:type\" content=\"image\/jpeg\" \/>\n<meta name=\"twitter:card\" content=\"summary_large_image\" \/>\n<meta name=\"twitter:label1\" content=\"Est. reading time\" \/>\n\t<meta name=\"twitter:data1\" content=\"5 minutes\" \/>\n<script type=\"application\/ld+json\" class=\"yoast-schema-graph\">{\"@context\":\"https:\/\/schema.org\",\"@graph\":[{\"@type\":\"WebPage\",\"@id\":\"https:\/\/banketi.eu\/noteikumi\/\",\"url\":\"https:\/\/banketi.eu\/noteikumi\/\",\"name\":\"Noteikumi &bull; BBQ VEIKALS\",\"isPartOf\":{\"@id\":\"https:\/\/banketi.eu\/#website\"},\"datePublished\":\"2020-03-20T22:03:20+00:00\",\"dateModified\":\"2023-09-04T10:20:34+00:00\",\"breadcrumb\":{\"@id\":\"https:\/\/banketi.eu\/noteikumi\/#breadcrumb\"},\"inLanguage\":\"en-US\",\"potentialAction\":[{\"@type\":\"ReadAction\",\"target\":[\"https:\/\/banketi.eu\/noteikumi\/\"]}]},{\"@type\":\"BreadcrumbList\",\"@id\":\"https:\/\/banketi.eu\/noteikumi\/#breadcrumb\",\"itemListElement\":[{\"@type\":\"ListItem\",\"position\":1,\"name\":\"Home\",\"item\":\"https:\/\/banketi.eu\/\"},{\"@type\":\"ListItem\",\"position\":2,\"name\":\"Noteikumi\"}]},{\"@type\":\"WebSite\",\"@id\":\"https:\/\/banketi.eu\/#website\",\"url\":\"https:\/\/banketi.eu\/\",\"name\":\"BBQ VEIKALS\",\"description\":\"\",\"publisher\":{\"@id\":\"https:\/\/banketi.eu\/#organization\"},\"potentialAction\":[{\"@type\":\"SearchAction\",\"target\":{\"@type\":\"EntryPoint\",\"urlTemplate\":\"https:\/\/banketi.eu\/?s={search_term_string}\"},\"query-input\":\"required name=search_term_string\"}],\"inLanguage\":\"en-US\"},{\"@type\":\"Organization\",\"@id\":\"https:\/\/banketi.eu\/#organization\",\"name\":\"Restor\u0101ns \u010carlstons\",\"url\":\"https:\/\/banketi.eu\/\",\"logo\":{\"@type\":\"ImageObject\",\"inLanguage\":\"en-US\",\"@id\":\"https:\/\/banketi.eu\/#\/schema\/logo\/image\/\",\"url\":\"https:\/\/banketi.eu\/wp-content\/uploads\/2020\/10\/111.png\",\"contentUrl\":\"https:\/\/banketi.eu\/wp-content\/uploads\/2020\/10\/111.png\",\"width\":100,\"height\":100,\"caption\":\"Restor\u0101ns \u010carlstons\"},\"image\":{\"@id\":\"https:\/\/banketi.eu\/#\/schema\/logo\/image\/\"},\"sameAs\":[\"https:\/\/www.facebook.com\/restorans\",\"https:\/\/www.instagram.com\/restoranscarlstons\"]}]}<\/script>\n<!-- \/ Yoast SEO Premium plugin. -->","yoast_head_json":{"title":"Noteikumi &bull; BBQ VEIKALS","robots":{"index":"index","follow":"follow","max-snippet":"max-snippet:-1","max-image-preview":"max-image-preview:large","max-video-preview":"max-video-preview:-1"},"canonical":"https:\/\/banketi.eu\/en\/noteikumi\/","og_locale":"en_US","og_type":"article","og_title":"Noteikumi","og_description":"Noteikumi Latvijas Republikas likumdo\u0161ana nosaka, ka interneta veikala \u012bpa\u0161niekam ir j\u0101atrun\u0101 pre\u010du pieg\u0101des un atgrie\u0161anas noteikumi, k\u0101 ar\u012b atteikuma ties\u012bbas. \u0160\u0101du atrunu sauc par distances l\u012bgumu (MK noteikumi). Distances l\u012bgums P\u0101rdev\u0113js\u00a0\u00a0Pirc\u0113js\u00a0ir fiziska vai juridiska persona, kas iep\u0113rkas www.banketi.eu m\u0101jas lap\u0101. \u0160aj\u0101 Interneta veikal\u0101 pied\u0101v\u0101to pre\u010du p\u0101rdev\u0113js no vienas puses, turpm\u0101k saukts P\u0101rdev\u0113js, un persona, kas&hellip;&nbsp;Read More &raquo;Noteikumi","og_url":"https:\/\/banketi.eu\/en\/noteikumi\/","og_site_name":"BBQ VEIKALS","article_publisher":"https:\/\/www.facebook.com\/restorans","article_modified_time":"2023-09-04T10:20:34+00:00","og_image":[{"width":460,"height":672,"url":"https:\/\/banketi.eu\/wp-content\/uploads\/2021\/02\/7f7712572469219421e78921d8528b5a.jpg","type":"image\/jpeg"}],"twitter_card":"summary_large_image","twitter_misc":{"Est. reading time":"5 minutes"},"schema":{"@context":"https:\/\/schema.org","@graph":[{"@type":"WebPage","@id":"https:\/\/banketi.eu\/noteikumi\/","url":"https:\/\/banketi.eu\/noteikumi\/","name":"Noteikumi &bull; BBQ VEIKALS","isPartOf":{"@id":"https:\/\/banketi.eu\/#website"},"datePublished":"2020-03-20T22:03:20+00:00","dateModified":"2023-09-04T10:20:34+00:00","breadcrumb":{"@id":"https:\/\/banketi.eu\/noteikumi\/#breadcrumb"},"inLanguage":"en-US","potentialAction":[{"@type":"ReadAction","target":["https:\/\/banketi.eu\/noteikumi\/"]}]},{"@type":"BreadcrumbList","@id":"https:\/\/banketi.eu\/noteikumi\/#breadcrumb","itemListElement":[{"@type":"ListItem","position":1,"name":"Home","item":"https:\/\/banketi.eu\/"},{"@type":"ListItem","position":2,"name":"Noteikumi"}]},{"@type":"WebSite","@id":"https:\/\/banketi.eu\/#website","url":"https:\/\/banketi.eu\/","name":"BBQ VEIKALS","description":"","publisher":{"@id":"https:\/\/banketi.eu\/#organization"},"potentialAction":[{"@type":"SearchAction","target":{"@type":"EntryPoint","urlTemplate":"https:\/\/banketi.eu\/?s={search_term_string}"},"query-input":"required name=search_term_string"}],"inLanguage":"en-US"},{"@type":"Organization","@id":"https:\/\/banketi.eu\/#organization","name":"Restor\u0101ns \u010carlstons","url":"https:\/\/banketi.eu\/","logo":{"@type":"ImageObject","inLanguage":"en-US","@id":"https:\/\/banketi.eu\/#\/schema\/logo\/image\/","url":"https:\/\/banketi.eu\/wp-content\/uploads\/2020\/10\/111.png","contentUrl":"https:\/\/banketi.eu\/wp-content\/uploads\/2020\/10\/111.png","width":100,"height":100,"caption":"Restor\u0101ns \u010carlstons"},"image":{"@id":"https:\/\/banketi.eu\/#\/schema\/logo\/image\/"},"sameAs":["https:\/\/www.facebook.com\/restorans","https:\/\/www.instagram.com\/restoranscarlstons"]}]}},"_links":{"self":[{"href":"https:\/\/banketi.eu\/en\/wp-json\/wp\/v2\/pages\/244","targetHints":{"allow":["GET"]}}],"collection":[{"href":"https:\/\/banketi.eu\/en\/wp-json\/wp\/v2\/pages"}],"about":[{"href":"https:\/\/banketi.eu\/en\/wp-json\/wp\/v2\/types\/page"}],"author":[{"embeddable":true,"href":"https:\/\/banketi.eu\/en\/wp-json\/wp\/v2\/users\/1"}],"replies":[{"embeddable":true,"href":"https:\/\/banketi.eu\/en\/wp-json\/wp\/v2\/comments?post=244"}],"version-history":[{"count":3,"href":"https:\/\/banketi.eu\/en\/wp-json\/wp\/v2\/pages\/244\/revisions"}],"predecessor-version":[{"id":9788,"href":"https:\/\/banketi.eu\/en\/wp-json\/wp\/v2\/pages\/244\/revisions\/9788"}],"wp:attachment":[{"href":"https:\/\/banketi.eu\/en\/wp-json\/wp\/v2\/media?parent=244"}],"curies":[{"name":"wp","href":"https:\/\/api.w.org\/{rel}","templated":true}]}}