
{"id":237,"date":"2020-03-20T21:46:25","date_gmt":"2020-03-20T21:46:25","guid":{"rendered":"https:\/\/banketi.eu\/?page_id=237"},"modified":"2020-10-15T15:43:24","modified_gmt":"2020-10-15T12:43:24","slug":"privatuma-politika","status":"publish","type":"page","link":"https:\/\/banketi.eu\/en\/privatuma-politika\/","title":{"rendered":"Privacy Policy"},"content":{"rendered":"<div data-elementor-type=\"wp-page\" data-elementor-id=\"237\" class=\"elementor elementor-237\">\n\t\t\t\t\t\t\t\t\t<section class=\"elementor-section elementor-top-section elementor-element elementor-element-4de70cee elementor-section-content-middle elementor-section-stretched elementor-section-boxed elementor-section-height-default elementor-section-height-default\" data-id=\"4de70cee\" data-element_type=\"section\" data-settings=\"{&quot;stretch_section&quot;:&quot;section-stretched&quot;}\">\n\t\t\t\t\t\t\t<div class=\"elementor-background-overlay\"><\/div>\n\t\t\t\t\t\t\t<div class=\"elementor-container elementor-column-gap-default\">\n\t\t\t\t\t<div class=\"elementor-column elementor-col-100 elementor-top-column elementor-element elementor-element-592ff222\" data-id=\"592ff222\" data-element_type=\"column\">\n\t\t\t<div class=\"elementor-widget-wrap elementor-element-populated\">\n\t\t\t\t\t\t\t\t<section class=\"elementor-section elementor-inner-section elementor-element elementor-element-49bf23e8 elementor-section-height-min-height elementor-section-boxed elementor-section-height-default\" data-id=\"49bf23e8\" data-element_type=\"section\">\n\t\t\t\t\t\t<div class=\"elementor-container elementor-column-gap-default\">\n\t\t\t\t\t<div class=\"elementor-column elementor-col-100 elementor-inner-column elementor-element elementor-element-3be62f1\" data-id=\"3be62f1\" data-element_type=\"column\">\n\t\t\t<div class=\"elementor-widget-wrap elementor-element-populated\">\n\t\t\t\t\t\t\t\t<div class=\"elementor-element elementor-element-19e7cbc3 elementor-widget elementor-widget-heading\" data-id=\"19e7cbc3\" data-element_type=\"widget\" data-widget_type=\"heading.default\">\n\t\t\t\t<div class=\"elementor-widget-container\">\n\t\t\t<h2 class=\"elementor-heading-title elementor-size-default\">Privacy Policy<\/h2>\t\t<\/div>\n\t\t\t\t<\/div>\n\t\t\t\t<div class=\"elementor-element elementor-element-74a46128 elementor-widget-divider--view-line elementor-widget elementor-widget-divider\" data-id=\"74a46128\" data-element_type=\"widget\" data-widget_type=\"divider.default\">\n\t\t\t\t<div class=\"elementor-widget-container\">\n\t\t\t\t\t<div class=\"elementor-divider\">\n\t\t\t<span class=\"elementor-divider-separator\">\n\t\t\t\t\t\t<\/span>\n\t\t<\/div>\n\t\t\t\t<\/div>\n\t\t\t\t<\/div>\n\t\t\t\t\t<\/div>\n\t\t<\/div>\n\t\t\t\t\t\t\t<\/div>\n\t\t<\/section>\n\t\t\t\t<section class=\"elementor-section elementor-inner-section elementor-element elementor-element-63247cca elementor-section-full_width elementor-section-height-default elementor-section-height-default\" data-id=\"63247cca\" data-element_type=\"section\">\n\t\t\t\t\t\t<div class=\"elementor-container elementor-column-gap-default\">\n\t\t\t\t\t<div class=\"elementor-column elementor-col-100 elementor-inner-column elementor-element elementor-element-1edd20c7\" data-id=\"1edd20c7\" data-element_type=\"column\">\n\t\t\t<div class=\"elementor-widget-wrap elementor-element-populated\">\n\t\t\t\t\t\t\t\t<div class=\"elementor-element elementor-element-b95cbdc elementor-widget elementor-widget-text-editor\" data-id=\"b95cbdc\" data-element_type=\"widget\" data-widget_type=\"text-editor.default\">\n\t\t\t\t<div class=\"elementor-widget-container\">\n\t\t\t\t\t\t\t<p><span>SIA &#8220;BBQ&#8221;, re\u0123istr\u0101cijas numurs: 40103259481, juridisk\u0101 adrese: Liepziedu iela 2, Me\u017e\u0101res, Bab\u012btes pag., LV-2101, fizisk\u0101 adrese: Blauma\u0146a iela 38\/40, R\u012bga, LV-1015 (turpm\u0101k \u2013restor\u0101ns &#8220;\u010carlstons&#8221;) ir uz\u0146\u0113musies pien\u0101kumu aizsarg\u0101t klientu priv\u0101tumu. Saska\u0146\u0101 ar to esam sagatavoju\u0161i Priv\u0101tuma politikas principus, kas attiecas uz klientu personas datu ieg\u016b\u0161anu, izmanto\u0161anu, public\u0113\u0161anu, nodo\u0161anu un uzglab\u0101\u0161anu. M\u016bsu darb\u012bba t\u012bmekl\u012b notiek saska\u0146\u0101 ar Latvijas Republikas likumiem, k\u0101 ar\u012b attiec\u012bgiem Eiropas Savien\u012bbas ties\u012bbu aktiem. L\u016bdzu, veltiet da\u017eas min\u016btes tam, lai iepaz\u012btos ar m\u016bsu Priv\u0101tuma politikas principiem.<\/span><\/p><p><strong>1. Personas datu ieguve un izmanto\u0161ana<\/strong><br \/>Par personas datiem uzskat\u0101mas zi\u0146as, kuras restor\u0101ns &#8220;\u010carlstons&#8221; ar priv\u0101tpersonas piekri\u0161anu no t\u0101s ieg\u016bst, lai izpild\u012btu nosl\u0113gt\u0101 l\u012bguma noteikumus, vai lai turpm\u0101k sazin\u0101tos ar \u0161o priv\u0101tpersonu.<br \/>Klientu personas datu ieg\u016b\u0161ana var notikt \u0161\u0101di:<\/p><ol><li>sniedzot kontaktinform\u0101ciju (tostarp par J\u016bsu v\u0101rdu, personas kodu, pasta adresi, t\u0101lru\u0146a numuru, elektronisk\u0101 pasta adresi, v\u0113lamo sazi\u0146as veidu) m\u016bsu t\u012bmek\u013ca vietn\u0113 vai cit\u0101 viet\u0101 (piem\u0113ram, veikal\u0101);<\/li><li>no klienta konta t\u012bmek\u013ca vietn\u0113 http:\/\/www.banketi.eu vai izmantojot s\u012bkdatnes (cookies);<\/li><li>veicot pirkumus, noform\u0113jot pas\u016bt\u012bjumus m\u016bsu restor\u0101n\u0101 &#8220;\u010carlstons&#8221; vai t\u012bmek\u013ca veikal\u0101, kuru apkalpo Sabiedr\u012bba ar ierobe\u017eotu atbild\u012bbu SIA \u201cBBQ\u201d, re\u0123istr\u0101cijas numurs: 40103259481, <span>Liepziedu iela 2, Me\u017e\u0101res, Bab\u012btes pag., LV-2101, fizisk\u0101 adrese: Blauma\u0146a iela 38\/40, R\u012bga, LV-1015<\/span> (turpm\u0101k \u2013 restor\u0101ns &#8220;\u010carlstons&#8221;), sniedzot kontaktinform\u0101ciju vai saglab\u0101jot tr\u016bksto\u0161\u0101s zi\u0146as, lai min\u0113tu v\u0113lam\u0101ko pirkuma veik\u0161anas veidu restor\u0101ns &#8220;\u010carlstons&#8221; var piepras\u012bt br\u012bvpr\u0101t\u012bgu personas datu vai personisk\u0101s inform\u0101cijas snieg\u0161anu da\u017e\u0101s t\u012bmek\u013ca vietnes lap\u0101s. Nepiecie\u0161amie personas dati var b\u016bt J\u016bsu v\u0101rds, pasta indekss, elektronisk\u0101 pasta adrese, t\u0101lru\u0146a numurs un citas zi\u0146as. Veicot pirkumu, maks\u0101jumu izpildei nepiecie\u0161amos personas datus m\u0113s nododam pilnvarotajam apstr\u0101d\u0101t\u0101jam <span>AS \u201cCitadele banka\u201d<\/span>.<\/li><\/ol><p><strong>2. Citu zi\u0146u ieguve<\/strong><br \/>Veicam ar\u012b anon\u012bmu zi\u0146u iev\u0101k\u0161anu, proti, zi\u0146u, kas nav attiecin\u0101mas uz k\u0101du konkr\u0113tu cilv\u0113ku (zi\u0146as par dzimumu, vecumu, domin\u0113jo\u0161o valodu, atra\u0161an\u0101s vietu) un ne\u013cauj to tie\u0161i vai netie\u0161i identific\u0113t.<br \/>Turkl\u0101t m\u0113s varam iev\u0101kt ar\u012b visp\u0101r\u012bgas zi\u0146as par klientu darb\u012bbu m\u016bsu veikalos un t\u012bmek\u013ca vietn\u0113. \u0160\u012bs zi\u0146as tiek iev\u0101ktas un izmantotas, lai m\u0113s var\u0113tu klientiem sniegt inform\u0101ciju par to, k\u0101das preces, pakalpojumi un sada\u013cas piesaista visliel\u0101ko interesi. Visp\u0101r\u012bg\u0101s zi\u0146as \u0161aj\u0101 Priv\u0101tuma politik\u0101 tiek izmantotas k\u0101 anon\u012bmas zi\u0146as.<\/p><p><strong>3. Ieg\u016bto klienta personas datu izmanto\u0161ana<\/strong><br \/>Izmantojot ieg\u016btos personas datus, m\u0113s varam inform\u0113t restor\u0101ns &#8220;\u010carlstons&#8221; klientus par gaid\u0101majiem notikumiem, kampa\u0146\u0101m un jaunumiem.<br \/>Klienti, kuri m\u016bsu jaun\u0101ko zi\u0146u izs\u016btni vai inform\u0101ciju par vi\u0146us, iesp\u0113jams, interes\u0113jo\u0161\u0101m prec\u0113m sa\u0146emt nev\u0113las, jebkur\u0101 laik\u0101 var dz\u0113st savu v\u0101rdu no m\u0113r\u0137auditorijas grupas saraksta.<br \/>Ieg\u016btos personas datus izmantojam, ar\u012b veicot pre\u010du pieg\u0101des un pildot saist\u012bbas, kuras nosaka ar klientiem parakst\u012btie l\u012bgumi.<br \/>Lab\u0101kai klientu apkalpo\u0161anai restor\u0101ns &#8220;\u010carlstons&#8221; inform\u0101ciju par atsevi\u0161\u0137iem klientiem var izpaust tre\u0161aj\u0101m pus\u0113m, kuras sniedz pakalpojumus restor\u0101ns &#8220;\u010carlstons&#8221; un kuras saista l\u012bgums par konfidenci\u0101las inform\u0101cijas neizpau\u0161anu un datu apstr\u0101des nosac\u012bjumiem.<br \/>Par tre\u0161aj\u0101m person\u0101m ir uzskat\u0101mi, piem\u0113ram, m\u016bsu sadarb\u012bbas partneri, kuru pien\u0101kums ir t\u012bmekl\u012b nopirkto pre\u010du pieg\u0101de, nomaksas pakalpojuma snieg\u0161ana vai informat\u012bvu zi\u0146ojumu s\u016bt\u012b\u0161ana.<br \/>Tre\u0161aj\u0101m pus\u0113m nododamie dati var b\u016bt:<\/p><ol><li>Informat\u012bvu sms zi\u0146ojumu izs\u016bt\u012b\u0161anai \u2013 t\u0101lru\u0146a numurs.<\/li><li>Nomaksas pakalpojumu snieg\u0161anai \u2013 V\u0101rds, Uzv\u0101rds, personas kods, e-pasts, telefona numurs, inform\u0101cija par klienta finansi\u0101lo st\u0101vokli, dz\u012bvesvietas adrese, darba dev\u0113js un ie\u0146emamais amats, inform\u0101cija par ien\u0101kumiem, pases\/eID kartes numurs.<\/li><li>Pre\u010du pieg\u0101de \u2013 V\u0101rds, uzv\u0101rds, e-pasta adrese, t\u0101lru\u0146a numurs, pieg\u0101des adrese.<\/li><\/ol><p><strong>4. Personas datu nodo\u0161ana uz \u0101rvalst\u012bm<\/strong><br \/>Restor\u0101ns &#8220;\u010carlstons&#8221; dar\u012bs visu iesp\u0113jamo, lai nodro\u0161in\u0101tu, ka tad, ja klienta personas dati tiek nodoti uz \u0101rvalst\u012bm, tiem tiek nodro\u0161in\u0101ta atbilsto\u0161a l\u012bme\u0146a dro\u0161\u012bba.<br \/>Restor\u0101ns &#8220;\u010carlstons&#8221; ap\u0146emas neizpaust klienta personas datus organiz\u0101cijai vai k\u0101dai citai personai, kura atrodas valst\u012b, kur\u0101 netiek nodro\u0161in\u0101ts atbilsto\u0161s personas datu aizsardz\u012bbas l\u012bmenis, iz\u0146emot \u0161\u0101dus gad\u012bjumus:<\/p><ul><li>klients tam ir piekritis;<\/li><li>personas datu nodo\u0161ana ir nepiecie\u0161ama, lai nosl\u0113gtu l\u012bgumu ar klientu vai izpild\u012btu ar klientu jau nosl\u0113gto l\u012bgumu;<\/li><li>personas datu nodo\u0161ana ir nepiecie\u0161ama, lai nosl\u0113gtu l\u012bgumu vai izpild\u012btu klienta interes\u0113s jau nosl\u0113gtu l\u012bgumu;<\/li><li>personas datu nodo\u0161ana ir at\u013cauta saska\u0146\u0101 ar piem\u0113rojamo normat\u012bvo aktu pras\u012bb\u0101m.<\/li><li><\/li><\/ul><p><strong>5. Ieg\u016bto klienta personas datu izmain\u012b\u0161ana<\/strong><br \/>Klienta identific\u0113\u0161anai un sazi\u0146ai ar vi\u0146u ieg\u016btos personas datus ir iesp\u0113jams apl\u016bkot, main\u012bt un papildin\u0101t m\u016bsu t\u012bmek\u013ca vietn\u0113 https:\/\/banketi.eu\/cart\/<a href=\"https:\/\/banketi.eu\/en\/cart\/\"><\/a> .<br \/>Latvijas M\u0101jra\u017eot\u0101ji ap\u0146emas nodro\u0161in\u0101t ieg\u016bto klienta personas datu precizit\u0101ti un pareizumu.<\/p><p><strong>6. Klienta personas datu aizsardz\u012bba<\/strong><br \/>Restor\u0101ns &#8220;\u010carlstons&#8221;i veic visus iesp\u0113jamos dro\u0161\u012bbas pas\u0101kumus (tostarp administrat\u012bvos, tehniskos un fiziskos), lai aizsarg\u0101tu klientu personas datus. Piek\u013cuve datu apstr\u0101des un izmain\u012b\u0161anas funkcij\u0101m ir tikai pilnvarot\u0101m person\u0101m.<\/p><p><strong>7. Piek\u013cuve klientu personas datiem<\/strong><br \/>Klientam, iesniedzot rakstveid\u0101 pamatotu piepras\u012bjumu, ir ties\u012bbas sa\u0146emt \u0161\u0101du inform\u0101ciju:<br \/>k\u0101das zi\u0146as par klientu ir ieg\u016btas, datu ieguves avots, kad main\u012bta datos iek\u013caut\u0101 inform\u0101cija (ja normat\u012bvie akti to at\u013cauj);<br \/>k\u0101dam m\u0113r\u0137im veikta personas datu apstr\u0101de, zi\u0146as par personas datu sa\u0146\u0113m\u0113jiem;<br \/>inform\u0101ciju par to, vai dati tiku\u0161i apstr\u0101d\u0101ti automatiz\u0113ti.<\/p><p><strong>8. Interneta Protokola adre\u0161u izmantojums<\/strong><br \/>IP adrese ir skait\u013cu virkne, kas autom\u0101tiski tiek pie\u0161\u0137irta datoram ik reizi, kad lietot\u0101js piesl\u0113dzas savam interneta pakalpojumu sniedz\u0113jam, p\u0113c \u0161\u012bs IP adreses var autom\u0101tiski identific\u0113t lietot\u0101ja datoru.<br \/>P\u0101rdev\u0113js var apkopot \u0161\u012bs adreses sist\u0113mas administr\u0101cijas un t\u012bmek\u013ca vietnes audita nol\u016bkos. P\u0101rdev\u0113jam nav m\u0113r\u0137a pievienot lietot\u0101ja IP adresi vi\u0146a personu identific\u0113jo\u0161ajai inform\u0101cijai, kas noz\u012bm\u0113 to, ka ikviena lietot\u0101ja sesija tiek re\u0123istr\u0113ta, bet pats lietot\u0101js paliek anon\u012bms.<br \/>P\u0101rdev\u0113js var izmantot \u0161\u012bs IP adreses ar m\u0113r\u0137i identific\u0113t vietnes lietot\u0101ju situ\u0101cij\u0101s, kad tiek uzskat\u012bts par nepiecie\u0161amu nodro\u0161in\u0101t vi\u0146u uzved\u012bbas atbilst\u012bbu vietnes lieto\u0161anas nosac\u012bjumiem vai ar\u012b aizsarg\u0101t Interneta vietni vai citus lietot\u0101jus.<\/p><p><strong>9. S\u012bkdatnes<\/strong><br \/>S\u012bkdatnes ir nelielas teksta datnes, kas sniedz inform\u0101ciju par to, cik bie\u017ei lietot\u0101js apmekl\u0113 interneta vietni un ko tie\u0161i lietot\u0101js dara savu sesiju laik\u0101. S\u012bkdatnes nesatur nek\u0101du personu identific\u0113jo\u0161u inform\u0101ciju, bet, ja lietot\u0101js \u0161\u0101du inform\u0101ciju sniedz pats tad, \u0161\u012b inform\u0101cija var tikt apvienota ar datiem, ko satur s\u012bkdatne.<br \/>P\u0101rdev\u0113js lietot\u0101ju datoru p\u0101rl\u016bkprogramm\u0101s var ievietot s\u012bkdatnes.<\/p><p><strong>10. Dro\u0161\u012bba<\/strong><br \/>Visi klientu personas dati, kas k\u013cuvu\u0161i zin\u0101mi restor\u0101ns &#8220;\u010carlstons&#8221; t\u012bmek\u013ca veikala (SIA &#8220;BBQ&#8221;) apmekl\u0113juma laik\u0101 un veicot pirkumus taj\u0101, ir uzskat\u0101mi par konfidenci\u0101lu inform\u0101ciju.<br \/>\u0160ifr\u0113tais kan\u0101ls datu nodo\u0161anai starp bank\u0101m nodro\u0161ina pirc\u0113ja personas datu un banku rekviz\u012btu dro\u0161\u012bbu.<br \/>Lai aizsarg\u0101tu klienta intereses, m\u0113s nodro\u0161in\u0101m:<br \/>god\u012bgu un likumisku personas datu apstr\u0101di;<br \/>personas datu apstr\u0101di tikai atbilsto\u0161i min\u0113tajam nol\u016bkam un nepiecie\u0161amaj\u0101 apm\u0113r\u0101;<br \/>t\u0101du personas datu uzglab\u0101\u0161anas veidu, kas nodro\u0161ina iesp\u0113ju identific\u0113t klientu jebkur\u0101 attiec\u012bgaj\u0101 br\u012bd\u012b, kur\u0161 nep\u0101rsniedz s\u0101kotn\u0113ji nor\u0101d\u012btajam datu apstr\u0101des nol\u016bkam paredz\u0113to periodu;<br \/>prec\u012bzu personas datu apstr\u0101di un to savlaic\u012bgu atjaunin\u0101\u0161anu, labo\u0161anu vai dz\u0113\u0161anu, ja personas dati ir nepiln\u012bgi vai neprec\u012bzi.<br \/>Klientam ir ties\u012bbas pamatoti piepras\u012bt, lai vi\u0146a personas dati tiktu papildin\u0101ti, laboti, k\u0101 ar\u012b lai personas datu apstr\u0101de tiktu izbeigta vai dati tiktu dz\u0113sti, ja tie ir novecoju\u0161i, nepiln\u012bgi, nepatiesi, pretlikum\u012bgi apstr\u0101d\u0101ti vai vairs neatbilst s\u0101kotn\u0113ji min\u0113tajam datu apstr\u0101des nol\u016bkam.<\/p><p><strong>11. Priv\u0101tuma politikas noteikumi un groz\u012bjumi<\/strong><br \/>M\u0113s pie\u0146emam, ka pirms m\u016bsu t\u012bmek\u013ca vietnes izmanto\u0161anas vai, aizpildot l\u016bgumu k\u013c\u016bt par past\u0101v\u012bgo klientu, J\u016bs esat izlas\u012bju\u0161i m\u016bsu Priv\u0101tuma politikas principus un noteikumus, k\u0101 ar\u012b esat akcept\u0113ju\u0161i tos. M\u0113s paturam sev ties\u012bbas veikt groz\u012bjumus Priv\u0101tuma politikas galvenajos nosac\u012bjumos, inform\u0113jot par to visus past\u0101v\u012bgos klientus.<br \/>Visu ar Priv\u0101tuma politiku vai datu apstr\u0101di saist\u012bto jaut\u0101jumu un probl\u0113mu risin\u0101\u0161anai, k\u0101 ar\u012b gad\u012bjumos, kad klients v\u0113las atteikties no komercpazi\u0146ojumu sa\u0146em\u0161anas vai piln\u012bb\u0101 dz\u0113st savus datus no sava profila, l\u016bdzam sazin\u0101ties ar mums, izmantojot elektronisk\u0101 pasta adresi<span>\u00a0<\/span>info@restaurant-riga.com.<\/p>\t\t\t\t\t\t<\/div>\n\t\t\t\t<\/div>\n\t\t\t\t\t<\/div>\n\t\t<\/div>\n\t\t\t\t\t\t\t<\/div>\n\t\t<\/section>\n\t\t\t\t\t<\/div>\n\t\t<\/div>\n\t\t\t\t\t\t\t<\/div>\n\t\t<\/section>\n\t\t\t\t\t\t\t<\/div>","protected":false},"excerpt":{"rendered":"<p>Priv\u0101tuma Politika SIA &#8220;BBQ&#8221;, re\u0123istr\u0101cijas numurs: 40103259481, juridisk\u0101 adrese: Liepziedu iela 2, Me\u017e\u0101res, Bab\u012btes pag., LV-2101, fizisk\u0101 adrese: Blauma\u0146a iela 38\/40, R\u012bga, LV-1015 (turpm\u0101k \u2013restor\u0101ns &#8220;\u010carlstons&#8221;) ir uz\u0146\u0113musies pien\u0101kumu aizsarg\u0101t klientu priv\u0101tumu. Saska\u0146\u0101 ar to esam sagatavoju\u0161i Priv\u0101tuma politikas principus, kas attiecas uz klientu personas datu ieg\u016b\u0161anu, izmanto\u0161anu, public\u0113\u0161anu, nodo\u0161anu un uzglab\u0101\u0161anu. M\u016bsu darb\u012bba t\u012bmekl\u012b&hellip;&nbsp;<a href=\"https:\/\/banketi.eu\/en\/privatuma-politika\/\" class=\"\" rel=\"bookmark\">Read More &raquo;<span class=\"screen-reader-text\">Privacy Policy<\/span><\/a><\/p>","protected":false},"author":1,"featured_media":0,"parent":0,"menu_order":0,"comment_status":"closed","ping_status":"closed","template":"elementor_header_footer","meta":{"neve_meta_sidebar":"","neve_meta_container":"","neve_meta_enable_content_width":"","neve_meta_content_width":0,"neve_meta_title_alignment":"","neve_meta_author_avatar":"","neve_post_elements_order":"","neve_meta_disable_header":"","neve_meta_disable_footer":"","neve_meta_disable_title":"","footnotes":""},"class_list":["post-237","page","type-page","status-publish","hentry"],"yoast_head":"<!-- This site is optimized with the Yoast SEO Premium plugin v16.7 (Yoast SEO v20.13) - https:\/\/yoast.com\/wordpress\/plugins\/seo\/ -->\n<title>Priv\u0101tuma Politika &bull; BBQ VEIKALS<\/title>\n<meta name=\"robots\" content=\"index, follow, max-snippet:-1, max-image-preview:large, max-video-preview:-1\" \/>\n<link rel=\"canonical\" href=\"https:\/\/banketi.eu\/en\/privatuma-politika\/\" \/>\n<meta property=\"og:locale\" content=\"en_US\" \/>\n<meta property=\"og:type\" content=\"article\" \/>\n<meta property=\"og:title\" content=\"Priv\u0101tuma Politika\" \/>\n<meta property=\"og:description\" content=\"Priv\u0101tuma Politika SIA &#8220;BBQ&#8221;, re\u0123istr\u0101cijas numurs: 40103259481, juridisk\u0101 adrese: Liepziedu iela 2, Me\u017e\u0101res, Bab\u012btes pag., LV-2101, fizisk\u0101 adrese: Blauma\u0146a iela 38\/40, R\u012bga, LV-1015 (turpm\u0101k \u2013restor\u0101ns &#8220;\u010carlstons&#8221;) ir uz\u0146\u0113musies pien\u0101kumu aizsarg\u0101t klientu priv\u0101tumu. Saska\u0146\u0101 ar to esam sagatavoju\u0161i Priv\u0101tuma politikas principus, kas attiecas uz klientu personas datu ieg\u016b\u0161anu, izmanto\u0161anu, public\u0113\u0161anu, nodo\u0161anu un uzglab\u0101\u0161anu. M\u016bsu darb\u012bba t\u012bmekl\u012b&hellip;&nbsp;Read More &raquo;Priv\u0101tuma Politika\" \/>\n<meta property=\"og:url\" content=\"https:\/\/banketi.eu\/en\/privatuma-politika\/\" \/>\n<meta property=\"og:site_name\" content=\"BBQ VEIKALS\" \/>\n<meta property=\"article:publisher\" content=\"https:\/\/www.facebook.com\/restorans\" \/>\n<meta property=\"article:modified_time\" content=\"2020-10-15T12:43:24+00:00\" \/>\n<meta property=\"og:image\" content=\"https:\/\/banketi.eu\/wp-content\/uploads\/2021\/02\/7f7712572469219421e78921d8528b5a.jpg\" \/>\n\t<meta property=\"og:image:width\" content=\"460\" \/>\n\t<meta property=\"og:image:height\" content=\"672\" \/>\n\t<meta property=\"og:image:type\" content=\"image\/jpeg\" \/>\n<meta name=\"twitter:card\" content=\"summary_large_image\" \/>\n<meta name=\"twitter:label1\" content=\"Est. reading time\" \/>\n\t<meta name=\"twitter:data1\" content=\"8 minutes\" \/>\n<script type=\"application\/ld+json\" class=\"yoast-schema-graph\">{\"@context\":\"https:\/\/schema.org\",\"@graph\":[{\"@type\":\"WebPage\",\"@id\":\"https:\/\/banketi.eu\/privatuma-politika\/\",\"url\":\"https:\/\/banketi.eu\/privatuma-politika\/\",\"name\":\"Priv\u0101tuma Politika &bull; BBQ VEIKALS\",\"isPartOf\":{\"@id\":\"https:\/\/banketi.eu\/#website\"},\"datePublished\":\"2020-03-20T21:46:25+00:00\",\"dateModified\":\"2020-10-15T12:43:24+00:00\",\"breadcrumb\":{\"@id\":\"https:\/\/banketi.eu\/privatuma-politika\/#breadcrumb\"},\"inLanguage\":\"en-US\",\"potentialAction\":[{\"@type\":\"ReadAction\",\"target\":[\"https:\/\/banketi.eu\/privatuma-politika\/\"]}]},{\"@type\":\"BreadcrumbList\",\"@id\":\"https:\/\/banketi.eu\/privatuma-politika\/#breadcrumb\",\"itemListElement\":[{\"@type\":\"ListItem\",\"position\":1,\"name\":\"Home\",\"item\":\"https:\/\/banketi.eu\/\"},{\"@type\":\"ListItem\",\"position\":2,\"name\":\"Priv\u0101tuma Politika\"}]},{\"@type\":\"WebSite\",\"@id\":\"https:\/\/banketi.eu\/#website\",\"url\":\"https:\/\/banketi.eu\/\",\"name\":\"BBQ VEIKALS\",\"description\":\"\",\"publisher\":{\"@id\":\"https:\/\/banketi.eu\/#organization\"},\"potentialAction\":[{\"@type\":\"SearchAction\",\"target\":{\"@type\":\"EntryPoint\",\"urlTemplate\":\"https:\/\/banketi.eu\/?s={search_term_string}\"},\"query-input\":\"required name=search_term_string\"}],\"inLanguage\":\"en-US\"},{\"@type\":\"Organization\",\"@id\":\"https:\/\/banketi.eu\/#organization\",\"name\":\"Restor\u0101ns \u010carlstons\",\"url\":\"https:\/\/banketi.eu\/\",\"logo\":{\"@type\":\"ImageObject\",\"inLanguage\":\"en-US\",\"@id\":\"https:\/\/banketi.eu\/#\/schema\/logo\/image\/\",\"url\":\"https:\/\/banketi.eu\/wp-content\/uploads\/2020\/10\/111.png\",\"contentUrl\":\"https:\/\/banketi.eu\/wp-content\/uploads\/2020\/10\/111.png\",\"width\":100,\"height\":100,\"caption\":\"Restor\u0101ns \u010carlstons\"},\"image\":{\"@id\":\"https:\/\/banketi.eu\/#\/schema\/logo\/image\/\"},\"sameAs\":[\"https:\/\/www.facebook.com\/restorans\",\"https:\/\/www.instagram.com\/restoranscarlstons\"]}]}<\/script>\n<!-- \/ Yoast SEO Premium plugin. -->","yoast_head_json":{"title":"Priv\u0101tuma Politika &bull; BBQ VEIKALS","robots":{"index":"index","follow":"follow","max-snippet":"max-snippet:-1","max-image-preview":"max-image-preview:large","max-video-preview":"max-video-preview:-1"},"canonical":"https:\/\/banketi.eu\/en\/privatuma-politika\/","og_locale":"en_US","og_type":"article","og_title":"Priv\u0101tuma Politika","og_description":"Priv\u0101tuma Politika SIA &#8220;BBQ&#8221;, re\u0123istr\u0101cijas numurs: 40103259481, juridisk\u0101 adrese: Liepziedu iela 2, Me\u017e\u0101res, Bab\u012btes pag., LV-2101, fizisk\u0101 adrese: Blauma\u0146a iela 38\/40, R\u012bga, LV-1015 (turpm\u0101k \u2013restor\u0101ns &#8220;\u010carlstons&#8221;) ir uz\u0146\u0113musies pien\u0101kumu aizsarg\u0101t klientu priv\u0101tumu. Saska\u0146\u0101 ar to esam sagatavoju\u0161i Priv\u0101tuma politikas principus, kas attiecas uz klientu personas datu ieg\u016b\u0161anu, izmanto\u0161anu, public\u0113\u0161anu, nodo\u0161anu un uzglab\u0101\u0161anu. M\u016bsu darb\u012bba t\u012bmekl\u012b&hellip;&nbsp;Read More &raquo;Priv\u0101tuma Politika","og_url":"https:\/\/banketi.eu\/en\/privatuma-politika\/","og_site_name":"BBQ VEIKALS","article_publisher":"https:\/\/www.facebook.com\/restorans","article_modified_time":"2020-10-15T12:43:24+00:00","og_image":[{"width":460,"height":672,"url":"https:\/\/banketi.eu\/wp-content\/uploads\/2021\/02\/7f7712572469219421e78921d8528b5a.jpg","type":"image\/jpeg"}],"twitter_card":"summary_large_image","twitter_misc":{"Est. reading time":"8 minutes"},"schema":{"@context":"https:\/\/schema.org","@graph":[{"@type":"WebPage","@id":"https:\/\/banketi.eu\/privatuma-politika\/","url":"https:\/\/banketi.eu\/privatuma-politika\/","name":"Priv\u0101tuma Politika &bull; BBQ VEIKALS","isPartOf":{"@id":"https:\/\/banketi.eu\/#website"},"datePublished":"2020-03-20T21:46:25+00:00","dateModified":"2020-10-15T12:43:24+00:00","breadcrumb":{"@id":"https:\/\/banketi.eu\/privatuma-politika\/#breadcrumb"},"inLanguage":"en-US","potentialAction":[{"@type":"ReadAction","target":["https:\/\/banketi.eu\/privatuma-politika\/"]}]},{"@type":"BreadcrumbList","@id":"https:\/\/banketi.eu\/privatuma-politika\/#breadcrumb","itemListElement":[{"@type":"ListItem","position":1,"name":"Home","item":"https:\/\/banketi.eu\/"},{"@type":"ListItem","position":2,"name":"Priv\u0101tuma Politika"}]},{"@type":"WebSite","@id":"https:\/\/banketi.eu\/#website","url":"https:\/\/banketi.eu\/","name":"BBQ VEIKALS","description":"","publisher":{"@id":"https:\/\/banketi.eu\/#organization"},"potentialAction":[{"@type":"SearchAction","target":{"@type":"EntryPoint","urlTemplate":"https:\/\/banketi.eu\/?s={search_term_string}"},"query-input":"required name=search_term_string"}],"inLanguage":"en-US"},{"@type":"Organization","@id":"https:\/\/banketi.eu\/#organization","name":"Restor\u0101ns \u010carlstons","url":"https:\/\/banketi.eu\/","logo":{"@type":"ImageObject","inLanguage":"en-US","@id":"https:\/\/banketi.eu\/#\/schema\/logo\/image\/","url":"https:\/\/banketi.eu\/wp-content\/uploads\/2020\/10\/111.png","contentUrl":"https:\/\/banketi.eu\/wp-content\/uploads\/2020\/10\/111.png","width":100,"height":100,"caption":"Restor\u0101ns \u010carlstons"},"image":{"@id":"https:\/\/banketi.eu\/#\/schema\/logo\/image\/"},"sameAs":["https:\/\/www.facebook.com\/restorans","https:\/\/www.instagram.com\/restoranscarlstons"]}]}},"_links":{"self":[{"href":"https:\/\/banketi.eu\/en\/wp-json\/wp\/v2\/pages\/237","targetHints":{"allow":["GET"]}}],"collection":[{"href":"https:\/\/banketi.eu\/en\/wp-json\/wp\/v2\/pages"}],"about":[{"href":"https:\/\/banketi.eu\/en\/wp-json\/wp\/v2\/types\/page"}],"author":[{"embeddable":true,"href":"https:\/\/banketi.eu\/en\/wp-json\/wp\/v2\/users\/1"}],"replies":[{"embeddable":true,"href":"https:\/\/banketi.eu\/en\/wp-json\/wp\/v2\/comments?post=237"}],"version-history":[{"count":0,"href":"https:\/\/banketi.eu\/en\/wp-json\/wp\/v2\/pages\/237\/revisions"}],"wp:attachment":[{"href":"https:\/\/banketi.eu\/en\/wp-json\/wp\/v2\/media?parent=237"}],"curies":[{"name":"wp","href":"https:\/\/api.w.org\/{rel}","templated":true}]}}